{"id":651,"date":"2013-10-10T11:40:29","date_gmt":"2013-10-10T11:40:29","guid":{"rendered":"http:\/\/www.alpakahof-gruene-au.de\/zandt\/?page_id=651"},"modified":"2015-07-17T09:03:56","modified_gmt":"2015-07-17T09:03:56","slug":"tajra-und-conchita-als-therapiebegleit-alpakas","status":"publish","type":"page","link":"https:\/\/www.alpakahof-gruene-au.de\/zandt\/aktuelles\/tajra-und-conchita-als-therapiebegleit-alpakas\/","title":{"rendered":"Tajra und Conchita als Therapiebegleit-Alpakas"},"content":{"rendered":"<p>Ende September 2013\u00a0sind zwei von unseren Tieren (Tajra und Conchita) nach Cham in die Bildungsst\u00e4tte St. Gunther eingezogen.<\/p>\n<p>Hier wird nun tiergest\u00fctzte Therapie mit unseren Alpakas f\u00fcr die Kinder im St. Gunther\u00a0vollzogen.<\/p>\n<p>Die Tiere werden als Hilfsmittel f\u00fcr therapeutische und p\u00e4dagogische Zwecke eingesetzt.<\/p>\n<p>Anfang Oktober kam Bischof Rudolf Voderholzer zu Besuch, anschlie\u00dfend\u00a0segnete er\u00a0den neuen Alpakastall mit den Tieren\u00a0in St. Gunther.<\/p>\n<p><a href=\"http:\/\/www.alpakahof-gruene-au.de\/zandt\/wp-content\/uploads\/2013\/10\/St-Gunther.jpg\"><img loading=\"lazy\" decoding=\"async\" class=\"aligncenter wp-image-1207 size-medium\" src=\"http:\/\/www.alpakahof-gruene-au.de\/zandt\/wp-content\/uploads\/2013\/10\/St-Gunther-e1414744390211-224x300.jpg\" alt=\"St Gunther\" width=\"224\" height=\"300\" srcset=\"https:\/\/www.alpakahof-gruene-au.de\/zandt\/wp-content\/uploads\/2013\/10\/St-Gunther-e1414744390211-224x300.jpg 224w, https:\/\/www.alpakahof-gruene-au.de\/zandt\/wp-content\/uploads\/2013\/10\/St-Gunther-e1414744390211.jpg 478w\" sizes=\"(max-width: 224px) 100vw, 224px\" \/><\/a><a href=\"http:\/\/www.alpakahof-gruene-au.de\/zandt\/wp-content\/uploads\/2013\/10\/Gunther.jpg\"><img loading=\"lazy\" decoding=\"async\" class=\"aligncenter size-medium wp-image-1208\" src=\"http:\/\/www.alpakahof-gruene-au.de\/zandt\/wp-content\/uploads\/2013\/10\/Gunther-225x300.jpg\" alt=\"\" width=\"225\" height=\"300\" srcset=\"https:\/\/www.alpakahof-gruene-au.de\/zandt\/wp-content\/uploads\/2013\/10\/Gunther-225x300.jpg 225w, https:\/\/www.alpakahof-gruene-au.de\/zandt\/wp-content\/uploads\/2013\/10\/Gunther.jpg 684w\" sizes=\"(max-width: 225px) 100vw, 225px\" \/><\/a><a href=\"http:\/\/www.alpakahof-gruene-au.de\/zandt\/wp-content\/uploads\/2013\/10\/Conchita.jpg\"><img loading=\"lazy\" decoding=\"async\" class=\"aligncenter size-medium wp-image-1209\" src=\"http:\/\/www.alpakahof-gruene-au.de\/zandt\/wp-content\/uploads\/2013\/10\/Conchita-300x225.jpg\" alt=\"\" width=\"300\" height=\"225\" srcset=\"https:\/\/www.alpakahof-gruene-au.de\/zandt\/wp-content\/uploads\/2013\/10\/Conchita-300x225.jpg 300w, https:\/\/www.alpakahof-gruene-au.de\/zandt\/wp-content\/uploads\/2013\/10\/Conchita.jpg 365w\" sizes=\"(max-width: 300px) 100vw, 300px\" \/><\/a><a href=\"http:\/\/www.alpakahof-gruene-au.de\/zandt\/wp-content\/uploads\/2013\/10\/Tajra-2.jpg\"><img loading=\"lazy\" decoding=\"async\" class=\"aligncenter size-medium wp-image-1210\" src=\"http:\/\/www.alpakahof-gruene-au.de\/zandt\/wp-content\/uploads\/2013\/10\/Tajra-2-300x225.jpg\" alt=\"\" width=\"300\" height=\"225\" srcset=\"https:\/\/www.alpakahof-gruene-au.de\/zandt\/wp-content\/uploads\/2013\/10\/Tajra-2-300x225.jpg 300w, https:\/\/www.alpakahof-gruene-au.de\/zandt\/wp-content\/uploads\/2013\/10\/Tajra-2.jpg 912w\" sizes=\"(max-width: 300px) 100vw, 300px\" \/><\/a><\/p>\n","protected":false},"excerpt":{"rendered":"<p>Ende September 2013\u00a0sind zwei von unseren Tieren (Tajra und Conchita) nach Cham in die Bildungsst\u00e4tte St. Gunther eingezogen. Hier wird nun tiergest\u00fctzte Therapie mit unseren Alpakas f\u00fcr die Kinder im St. Gunther\u00a0vollzogen. Die Tiere werden als Hilfsmittel f\u00fcr therapeutische und p\u00e4dagogische Zwecke eingesetzt. Anfang Oktober kam Bischof Rudolf Voderholzer zu Besuch, anschlie\u00dfend\u00a0segnete er\u00a0den neuen Alpakastall &hellip; <a href=\"https:\/\/www.alpakahof-gruene-au.de\/zandt\/aktuelles\/tajra-und-conchita-als-therapiebegleit-alpakas\/\" class=\"more-link\"><span class=\"screen-reader-text\">Tajra und Conchita als Therapiebegleit-Alpakas<\/span> weiterlesen <span class=\"meta-nav\">&rarr;<\/span><\/a><\/p>\n","protected":false},"author":2,"featured_media":0,"parent":761,"menu_order":7,"comment_status":"closed","ping_status":"closed","template":"","meta":{"footnotes":""},"_links":{"self":[{"href":"https:\/\/www.alpakahof-gruene-au.de\/zandt\/wp-json\/wp\/v2\/pages\/651"}],"collection":[{"href":"https:\/\/www.alpakahof-gruene-au.de\/zandt\/wp-json\/wp\/v2\/pages"}],"about":[{"href":"https:\/\/www.alpakahof-gruene-au.de\/zandt\/wp-json\/wp\/v2\/types\/page"}],"author":[{"embeddable":true,"href":"https:\/\/www.alpakahof-gruene-au.de\/zandt\/wp-json\/wp\/v2\/users\/2"}],"replies":[{"embeddable":true,"href":"https:\/\/www.alpakahof-gruene-au.de\/zandt\/wp-json\/wp\/v2\/comments?post=651"}],"version-history":[{"count":8,"href":"https:\/\/www.alpakahof-gruene-au.de\/zandt\/wp-json\/wp\/v2\/pages\/651\/revisions"}],"predecessor-version":[{"id":1211,"href":"https:\/\/www.alpakahof-gruene-au.de\/zandt\/wp-json\/wp\/v2\/pages\/651\/revisions\/1211"}],"up":[{"embeddable":true,"href":"https:\/\/www.alpakahof-gruene-au.de\/zandt\/wp-json\/wp\/v2\/pages\/761"}],"wp:attachment":[{"href":"https:\/\/www.alpakahof-gruene-au.de\/zandt\/wp-json\/wp\/v2\/media?parent=651"}],"curies":[{"name":"wp","href":"https:\/\/api.w.org\/{rel}","templated":true}]}}