{"id":2427,"date":"2021-05-04T12:33:18","date_gmt":"2021-05-04T12:33:18","guid":{"rendered":"https:\/\/www.alpakahof-gruene-au.de\/zandt\/?page_id=2427"},"modified":"2021-09-30T17:53:32","modified_gmt":"2021-09-30T17:53:32","slug":"alpaka-shooting-buchen","status":"publish","type":"page","link":"https:\/\/www.alpakahof-gruene-au.de\/zandt\/alpaka-shooting-buchen\/","title":{"rendered":"Alpaka &#8211; Shooting buchen"},"content":{"rendered":"\n<p>ab sofort buchbar<\/p>\n\n\n\n<p>Portrait \/ P\u00e4rchen \/ Freunde \/ Familie \/ Kinder<\/p>\n\n\n\n<p>gro\u00dfes Freigehege &amp; rustikaler Hof als Hintergrund<\/p>\n\n\n\n<p>Au\u00dferdem werden im Laufe des Jahres auch Alpaka Wanderung angeboten, die mit der Kamera begleiten werden k\u00f6nnen. Dabei entstehen unvergessliche Aufnahmen, die ihr sicher gerne in Erinnerung behaltet.<\/p>\n\n\n\n<p>Und das alles wird m\u00f6glich gemacht von unserer neuen Kooperation mit<\/p>\n\n\n\n<p>&#8212;&#8212;-Natalie&#8212;&#8212;<\/p>\n\n\n\n<p>Wer sie ist und welche Bilder sie macht seht ihr alles unter Facebook oder Ihrer Homepage.<\/p>\n\n\n\n<p><\/p>\n\n\n\n<p><a href=\"https:\/\/www.facebook.com\/PhotographiebyNatalie\/?ref=page_internal\">Photographie by Natie | Facebook<\/a><\/p>\n\n\n\n<figure class=\"wp-block-embed is-type-wp-embed is-provider-photographie-by-natie wp-block-embed-photographie-by-natie\"><div class=\"wp-block-embed__wrapper\">\nhttps:\/\/www.photographie-by-natie.de\/\n<\/div><\/figure>\n\n\n\n<p><\/p>\n\n\n\n<h2 class=\"wp-block-heading\"><strong>Freundinnen-Shooting August 2021 &#8211; <\/strong><\/h2>\n\n\n\n<p>                                                                          ein kleiner Vorgeschmack wie sowas aussehen kann \ud83d\ude09<\/p>\n\n\n\n<div class=\"wp-block-group\"><div class=\"wp-block-group__inner-container is-layout-flow wp-block-group-is-layout-flow\">\n<div class=\"wp-block-columns is-layout-flex wp-container-core-columns-is-layout-1 wp-block-columns-is-layout-flex\">\n<div class=\"wp-block-column is-layout-flow wp-block-column-is-layout-flow\" style=\"flex-basis:100%\">\n<div class=\"wp-block-group alignwide\"><div class=\"wp-block-group__inner-container is-layout-flow wp-block-group-is-layout-flow\">\n<figure class=\"wp-block-gallery alignwide columns-3 is-cropped wp-block-gallery-1 is-layout-flex wp-block-gallery-is-layout-flex\"><ul class=\"blocks-gallery-grid\"><li class=\"blocks-gallery-item\"><figure><a href=\"https:\/\/www.alpakahof-gruene-au.de\/zandt\/wp-content\/uploads\/2021\/09\/27bf68d0-b73a-47af-bcb6-5361eda1cad1.jpg\"><img loading=\"lazy\" decoding=\"async\" width=\"1024\" height=\"682\" src=\"https:\/\/www.alpakahof-gruene-au.de\/zandt\/wp-content\/uploads\/2021\/09\/27bf68d0-b73a-47af-bcb6-5361eda1cad1.jpg\" alt=\"\" data-id=\"2487\" data-full-url=\"https:\/\/www.alpakahof-gruene-au.de\/zandt\/wp-content\/uploads\/2021\/09\/27bf68d0-b73a-47af-bcb6-5361eda1cad1.jpg\" data-link=\"https:\/\/www.alpakahof-gruene-au.de\/zandt\/alpaka-shooting-buchen\/27bf68d0-b73a-47af-bcb6-5361eda1cad1\/\" class=\"wp-image-2487\" srcset=\"https:\/\/www.alpakahof-gruene-au.de\/zandt\/wp-content\/uploads\/2021\/09\/27bf68d0-b73a-47af-bcb6-5361eda1cad1.jpg 1024w, https:\/\/www.alpakahof-gruene-au.de\/zandt\/wp-content\/uploads\/2021\/09\/27bf68d0-b73a-47af-bcb6-5361eda1cad1-300x200.jpg 300w, https:\/\/www.alpakahof-gruene-au.de\/zandt\/wp-content\/uploads\/2021\/09\/27bf68d0-b73a-47af-bcb6-5361eda1cad1-768x512.jpg 768w\" sizes=\"(max-width: 1024px) 100vw, 1024px\" \/><\/a><\/figure><\/li><li class=\"blocks-gallery-item\"><figure><a href=\"https:\/\/www.alpakahof-gruene-au.de\/zandt\/wp-content\/uploads\/2021\/09\/71a57035-7c24-494f-9276-7ea0752795a4.jpg\"><img loading=\"lazy\" decoding=\"async\" width=\"1024\" height=\"768\" src=\"https:\/\/www.alpakahof-gruene-au.de\/zandt\/wp-content\/uploads\/2021\/09\/71a57035-7c24-494f-9276-7ea0752795a4.jpg\" alt=\"\" data-id=\"2488\" data-full-url=\"https:\/\/www.alpakahof-gruene-au.de\/zandt\/wp-content\/uploads\/2021\/09\/71a57035-7c24-494f-9276-7ea0752795a4.jpg\" data-link=\"https:\/\/www.alpakahof-gruene-au.de\/zandt\/alpaka-shooting-buchen\/71a57035-7c24-494f-9276-7ea0752795a4\/\" class=\"wp-image-2488\" srcset=\"https:\/\/www.alpakahof-gruene-au.de\/zandt\/wp-content\/uploads\/2021\/09\/71a57035-7c24-494f-9276-7ea0752795a4.jpg 1024w, https:\/\/www.alpakahof-gruene-au.de\/zandt\/wp-content\/uploads\/2021\/09\/71a57035-7c24-494f-9276-7ea0752795a4-300x225.jpg 300w, https:\/\/www.alpakahof-gruene-au.de\/zandt\/wp-content\/uploads\/2021\/09\/71a57035-7c24-494f-9276-7ea0752795a4-768x576.jpg 768w\" sizes=\"(max-width: 1024px) 100vw, 1024px\" \/><\/a><\/figure><\/li><li class=\"blocks-gallery-item\"><figure><a href=\"https:\/\/www.alpakahof-gruene-au.de\/zandt\/wp-content\/uploads\/2021\/09\/a0d3cf2e-dbf7-44dd-86e3-d2ccc1ce7506.jpg\"><img loading=\"lazy\" decoding=\"async\" width=\"1024\" height=\"768\" src=\"https:\/\/www.alpakahof-gruene-au.de\/zandt\/wp-content\/uploads\/2021\/09\/a0d3cf2e-dbf7-44dd-86e3-d2ccc1ce7506.jpg\" alt=\"\" data-id=\"2489\" data-full-url=\"https:\/\/www.alpakahof-gruene-au.de\/zandt\/wp-content\/uploads\/2021\/09\/a0d3cf2e-dbf7-44dd-86e3-d2ccc1ce7506.jpg\" data-link=\"https:\/\/www.alpakahof-gruene-au.de\/zandt\/alpaka-shooting-buchen\/a0d3cf2e-dbf7-44dd-86e3-d2ccc1ce7506\/\" class=\"wp-image-2489\" srcset=\"https:\/\/www.alpakahof-gruene-au.de\/zandt\/wp-content\/uploads\/2021\/09\/a0d3cf2e-dbf7-44dd-86e3-d2ccc1ce7506.jpg 1024w, https:\/\/www.alpakahof-gruene-au.de\/zandt\/wp-content\/uploads\/2021\/09\/a0d3cf2e-dbf7-44dd-86e3-d2ccc1ce7506-300x225.jpg 300w, https:\/\/www.alpakahof-gruene-au.de\/zandt\/wp-content\/uploads\/2021\/09\/a0d3cf2e-dbf7-44dd-86e3-d2ccc1ce7506-768x576.jpg 768w\" sizes=\"(max-width: 1024px) 100vw, 1024px\" \/><\/a><\/figure><\/li><li class=\"blocks-gallery-item\"><figure><a href=\"https:\/\/www.alpakahof-gruene-au.de\/zandt\/wp-content\/uploads\/2021\/09\/dd1692fd-5662-4615-846d-44e5dc3fc86a.jpg\"><img loading=\"lazy\" decoding=\"async\" width=\"768\" height=\"1024\" src=\"https:\/\/www.alpakahof-gruene-au.de\/zandt\/wp-content\/uploads\/2021\/09\/dd1692fd-5662-4615-846d-44e5dc3fc86a.jpg\" alt=\"\" data-id=\"2490\" data-full-url=\"https:\/\/www.alpakahof-gruene-au.de\/zandt\/wp-content\/uploads\/2021\/09\/dd1692fd-5662-4615-846d-44e5dc3fc86a.jpg\" data-link=\"https:\/\/www.alpakahof-gruene-au.de\/zandt\/alpaka-shooting-buchen\/dd1692fd-5662-4615-846d-44e5dc3fc86a\/\" class=\"wp-image-2490\" srcset=\"https:\/\/www.alpakahof-gruene-au.de\/zandt\/wp-content\/uploads\/2021\/09\/dd1692fd-5662-4615-846d-44e5dc3fc86a.jpg 768w, https:\/\/www.alpakahof-gruene-au.de\/zandt\/wp-content\/uploads\/2021\/09\/dd1692fd-5662-4615-846d-44e5dc3fc86a-225x300.jpg 225w\" sizes=\"(max-width: 768px) 100vw, 768px\" \/><\/a><\/figure><\/li><li class=\"blocks-gallery-item\"><figure><a href=\"https:\/\/www.alpakahof-gruene-au.de\/zandt\/wp-content\/uploads\/2021\/09\/e517498d-7db4-4576-96bc-1655549359b6.jpg\"><img loading=\"lazy\" decoding=\"async\" width=\"768\" height=\"1024\" src=\"https:\/\/www.alpakahof-gruene-au.de\/zandt\/wp-content\/uploads\/2021\/09\/e517498d-7db4-4576-96bc-1655549359b6.jpg\" alt=\"\" data-id=\"2491\" data-full-url=\"https:\/\/www.alpakahof-gruene-au.de\/zandt\/wp-content\/uploads\/2021\/09\/e517498d-7db4-4576-96bc-1655549359b6.jpg\" data-link=\"https:\/\/www.alpakahof-gruene-au.de\/zandt\/alpaka-shooting-buchen\/e517498d-7db4-4576-96bc-1655549359b6\/\" class=\"wp-image-2491\" srcset=\"https:\/\/www.alpakahof-gruene-au.de\/zandt\/wp-content\/uploads\/2021\/09\/e517498d-7db4-4576-96bc-1655549359b6.jpg 768w, https:\/\/www.alpakahof-gruene-au.de\/zandt\/wp-content\/uploads\/2021\/09\/e517498d-7db4-4576-96bc-1655549359b6-225x300.jpg 225w\" sizes=\"(max-width: 768px) 100vw, 768px\" \/><\/a><\/figure><\/li><li class=\"blocks-gallery-item\"><figure><a href=\"https:\/\/www.alpakahof-gruene-au.de\/zandt\/wp-content\/uploads\/2021\/09\/ea6c7771-d8c9-4161-98c7-702ec28fd50c.jpg\"><img loading=\"lazy\" decoding=\"async\" width=\"768\" height=\"1024\" src=\"https:\/\/www.alpakahof-gruene-au.de\/zandt\/wp-content\/uploads\/2021\/09\/ea6c7771-d8c9-4161-98c7-702ec28fd50c.jpg\" alt=\"\" data-id=\"2492\" data-full-url=\"https:\/\/www.alpakahof-gruene-au.de\/zandt\/wp-content\/uploads\/2021\/09\/ea6c7771-d8c9-4161-98c7-702ec28fd50c.jpg\" data-link=\"https:\/\/www.alpakahof-gruene-au.de\/zandt\/alpaka-shooting-buchen\/ea6c7771-d8c9-4161-98c7-702ec28fd50c\/\" class=\"wp-image-2492\" srcset=\"https:\/\/www.alpakahof-gruene-au.de\/zandt\/wp-content\/uploads\/2021\/09\/ea6c7771-d8c9-4161-98c7-702ec28fd50c.jpg 768w, https:\/\/www.alpakahof-gruene-au.de\/zandt\/wp-content\/uploads\/2021\/09\/ea6c7771-d8c9-4161-98c7-702ec28fd50c-225x300.jpg 225w\" sizes=\"(max-width: 768px) 100vw, 768px\" \/><\/a><\/figure><\/li><\/ul><\/figure>\n<\/div><\/div>\n<\/div>\n<\/div>\n<\/div><\/div>\n","protected":false},"excerpt":{"rendered":"<p>ab sofort buchbar Portrait \/ P\u00e4rchen \/ Freunde \/ Familie \/ Kinder gro\u00dfes Freigehege &amp; rustikaler Hof als Hintergrund Au\u00dferdem werden im Laufe des Jahres auch Alpaka Wanderung angeboten, die mit der Kamera begleiten werden k\u00f6nnen. Dabei entstehen unvergessliche Aufnahmen, die ihr sicher gerne in Erinnerung behaltet. Und das alles wird m\u00f6glich gemacht von unserer &hellip; <a href=\"https:\/\/www.alpakahof-gruene-au.de\/zandt\/alpaka-shooting-buchen\/\" class=\"more-link\"><span class=\"screen-reader-text\">Alpaka &#8211; Shooting buchen<\/span> weiterlesen <span class=\"meta-nav\">&rarr;<\/span><\/a><\/p>\n","protected":false},"author":2,"featured_media":0,"parent":0,"menu_order":3,"comment_status":"closed","ping_status":"closed","template":"","meta":{"footnotes":""},"_links":{"self":[{"href":"https:\/\/www.alpakahof-gruene-au.de\/zandt\/wp-json\/wp\/v2\/pages\/2427"}],"collection":[{"href":"https:\/\/www.alpakahof-gruene-au.de\/zandt\/wp-json\/wp\/v2\/pages"}],"about":[{"href":"https:\/\/www.alpakahof-gruene-au.de\/zandt\/wp-json\/wp\/v2\/types\/page"}],"author":[{"embeddable":true,"href":"https:\/\/www.alpakahof-gruene-au.de\/zandt\/wp-json\/wp\/v2\/users\/2"}],"replies":[{"embeddable":true,"href":"https:\/\/www.alpakahof-gruene-au.de\/zandt\/wp-json\/wp\/v2\/comments?post=2427"}],"version-history":[{"count":5,"href":"https:\/\/www.alpakahof-gruene-au.de\/zandt\/wp-json\/wp\/v2\/pages\/2427\/revisions"}],"predecessor-version":[{"id":2495,"href":"https:\/\/www.alpakahof-gruene-au.de\/zandt\/wp-json\/wp\/v2\/pages\/2427\/revisions\/2495"}],"wp:attachment":[{"href":"https:\/\/www.alpakahof-gruene-au.de\/zandt\/wp-json\/wp\/v2\/media?parent=2427"}],"curies":[{"name":"wp","href":"https:\/\/api.w.org\/{rel}","templated":true}]}}