{"id":1931,"date":"2017-07-02T13:11:43","date_gmt":"2017-07-02T13:11:43","guid":{"rendered":"http:\/\/www.alpakahof-gruene-au.de\/zandt\/?page_id=1931"},"modified":"2017-10-12T05:11:01","modified_gmt":"2017-10-12T05:11:01","slug":"kinder-bestaunten-alpakas-kindergarten-spatzennest","status":"publish","type":"page","link":"https:\/\/www.alpakahof-gruene-au.de\/zandt\/aktuelles\/kinder-bestaunten-alpakas-kindergarten-spatzennest\/","title":{"rendered":"Kinder bestaunten Alpakas &#8211; Kindergarten Spatzennest"},"content":{"rendered":"<h2>Kinder bestaunten Alpakas<\/h2>\n<p class=\"lead selectionShareable\">Die Kleinen aus dem \u201eSpatzenhaus\u201c besuchten ihre tierischen Nachbarn.<\/p>\n<p><img loading=\"lazy\" decoding=\"async\" class=\"aligncenter wp-image-1932 size-full\" src=\"http:\/\/www.alpakahof-gruene-au.de\/zandt\/wp-content\/uploads\/2017\/07\/Alpaka-1.jpg\" alt=\"\" width=\"780\" height=\"468\" srcset=\"https:\/\/www.alpakahof-gruene-au.de\/zandt\/wp-content\/uploads\/2017\/07\/Alpaka-1.jpg 780w, https:\/\/www.alpakahof-gruene-au.de\/zandt\/wp-content\/uploads\/2017\/07\/Alpaka-1-300x180.jpg 300w, https:\/\/www.alpakahof-gruene-au.de\/zandt\/wp-content\/uploads\/2017\/07\/Alpaka-1-768x461.jpg 768w\" sizes=\"(max-width: 780px) 100vw, 780px\" \/><\/p>\n<p id=\"d6997872e119\" class=\"selectionShareable\"><span class=\"article-location\">Zandt. <\/span>In der vergangenen Woche durften die Kinder aus dem Kinderhaus Spatzennest in Zandt einen Ausflug zu den benachbarten Alpakas machen. Sonja und Hans Fr\u00fcchtl hatten zu einem Besuch eingeladen.<\/p>\n<p id=\"d6997872e122\" class=\"selectionShareable\">An drei aneinanderfolgenden Tagen gingen die Kinder gemeinsam mit ihren Erzieherinnen zum Alpakahof. Dort angekommen, wurden die Kinder von Sonja und Hans Fr\u00fcchtl begr\u00fc\u00dft. Zun\u00e4chst durften es sich die Kinder im Stall mitsamt den Alpaka-Mamas und Alpaka-Babys bequem machen. Zugleich konnten sie von Sonja Fr\u00fcchtl viel Interessantes erfahren, denn sie erz\u00e4hlte \u00fcber das Leben der Alpakas. Auch viele Fragen der Kinder wurden von ihr beantwortet. W\u00e4hrenddessen beschnupperten die Alpakas vorsichtig die Kinder. Niemand hatte Angst \u2013 weder die Kinder noch die Tiere.<\/p>\n<p id=\"d6997872e125\" class=\"selectionShareable\">Die Alpaka-M\u00e4nner waren als n\u00e4chste an der Reihe. Sogar f\u00fcttern durften die Kinder die Tiere, die nicht einmal scheu waren.<\/p>\n<p class=\"selectionShareable\">Als Abschluss gab es f\u00fcr die Kinder aus dem Spatzennest noch Pl\u00e4tzchen in Alpakaform und Apfelschorle. Fr\u00f6hlich und gut gelaunt verabschiedeten sich die Kinder von Sonja und Hans und versprachen, im n\u00e4chsten Jahr wiederzukommen.<\/p>\n<p id=\"d6997872e131\" class=\"selectionShareable\">Die Erzieherinnen bedankten sich ebenfalls bei der Familie Fr\u00fcchtl mit einem kleinen Geschenk.<\/p>\n","protected":false},"excerpt":{"rendered":"<p>Kinder bestaunten Alpakas Die Kleinen aus dem \u201eSpatzenhaus\u201c besuchten ihre tierischen Nachbarn. Zandt. In der vergangenen Woche durften die Kinder aus dem Kinderhaus Spatzennest in Zandt einen Ausflug zu den benachbarten Alpakas machen. Sonja und Hans Fr\u00fcchtl hatten zu einem Besuch eingeladen. An drei aneinanderfolgenden Tagen gingen die Kinder gemeinsam mit ihren Erzieherinnen zum Alpakahof. &hellip; <a href=\"https:\/\/www.alpakahof-gruene-au.de\/zandt\/aktuelles\/kinder-bestaunten-alpakas-kindergarten-spatzennest\/\" class=\"more-link\"><span class=\"screen-reader-text\">Kinder bestaunten Alpakas &#8211; Kindergarten Spatzennest<\/span> weiterlesen <span class=\"meta-nav\">&rarr;<\/span><\/a><\/p>\n","protected":false},"author":2,"featured_media":0,"parent":761,"menu_order":2,"comment_status":"closed","ping_status":"closed","template":"","meta":{"footnotes":""},"_links":{"self":[{"href":"https:\/\/www.alpakahof-gruene-au.de\/zandt\/wp-json\/wp\/v2\/pages\/1931"}],"collection":[{"href":"https:\/\/www.alpakahof-gruene-au.de\/zandt\/wp-json\/wp\/v2\/pages"}],"about":[{"href":"https:\/\/www.alpakahof-gruene-au.de\/zandt\/wp-json\/wp\/v2\/types\/page"}],"author":[{"embeddable":true,"href":"https:\/\/www.alpakahof-gruene-au.de\/zandt\/wp-json\/wp\/v2\/users\/2"}],"replies":[{"embeddable":true,"href":"https:\/\/www.alpakahof-gruene-au.de\/zandt\/wp-json\/wp\/v2\/comments?post=1931"}],"version-history":[{"count":1,"href":"https:\/\/www.alpakahof-gruene-au.de\/zandt\/wp-json\/wp\/v2\/pages\/1931\/revisions"}],"predecessor-version":[{"id":1933,"href":"https:\/\/www.alpakahof-gruene-au.de\/zandt\/wp-json\/wp\/v2\/pages\/1931\/revisions\/1933"}],"up":[{"embeddable":true,"href":"https:\/\/www.alpakahof-gruene-au.de\/zandt\/wp-json\/wp\/v2\/pages\/761"}],"wp:attachment":[{"href":"https:\/\/www.alpakahof-gruene-au.de\/zandt\/wp-json\/wp\/v2\/media?parent=1931"}],"curies":[{"name":"wp","href":"https:\/\/api.w.org\/{rel}","templated":true}]}}