{"id":1871,"date":"2017-05-19T06:22:20","date_gmt":"2017-05-19T06:22:20","guid":{"rendered":"http:\/\/www.alpakahof-gruene-au.de\/zandt\/?page_id=1871"},"modified":"2017-05-22T05:21:46","modified_gmt":"2017-05-22T05:21:46","slug":"muttertagsausflug-2017","status":"publish","type":"page","link":"https:\/\/www.alpakahof-gruene-au.de\/zandt\/bildergalerie\/2017-2\/muttertagsausflug-2017\/","title":{"rendered":"Muttertagsausflug 2017"},"content":{"rendered":"<h4 style=\"text-align: right;\"><span style=\"color: #993366;\">Ein wunderbares Geschenk f\u00fcr jede Mutter<\/span><\/h4>\n<h4 style=\"text-align: right;\"><span style=\"color: #993366;\">\u00a0\u00a0\u00a0 -&gt; eine F\u00fchrung am Alpakahof Gr\u00fcne Au.<\/span><\/h4>\n<h4 style=\"text-align: right;\"><span style=\"color: #993366;\">D A N K E, es war sehr sch\u00f6n mit euch.<\/span><\/h4>\n<p><img loading=\"lazy\" decoding=\"async\" class=\"aligncenter size-full wp-image-1906\" src=\"http:\/\/www.alpakahof-gruene-au.de\/zandt\/wp-content\/uploads\/2017\/05\/IMG_3635-1.jpg\" alt=\"\" width=\"512\" height=\"384\" srcset=\"https:\/\/www.alpakahof-gruene-au.de\/zandt\/wp-content\/uploads\/2017\/05\/IMG_3635-1.jpg 512w, https:\/\/www.alpakahof-gruene-au.de\/zandt\/wp-content\/uploads\/2017\/05\/IMG_3635-1-300x225.jpg 300w\" sizes=\"(max-width: 512px) 100vw, 512px\" \/><\/p>\n<p><img loading=\"lazy\" decoding=\"async\" class=\"size-medium wp-image-1873 alignnone\" src=\"http:\/\/www.alpakahof-gruene-au.de\/zandt\/wp-content\/uploads\/2017\/05\/18486268_1517338948325439_5650266569427984475_n-300x225.jpg\" alt=\"\" width=\"300\" height=\"225\" srcset=\"https:\/\/www.alpakahof-gruene-au.de\/zandt\/wp-content\/uploads\/2017\/05\/18486268_1517338948325439_5650266569427984475_n-300x225.jpg 300w, https:\/\/www.alpakahof-gruene-au.de\/zandt\/wp-content\/uploads\/2017\/05\/18486268_1517338948325439_5650266569427984475_n-768x576.jpg 768w, https:\/\/www.alpakahof-gruene-au.de\/zandt\/wp-content\/uploads\/2017\/05\/18486268_1517338948325439_5650266569427984475_n.jpg 960w\" sizes=\"(max-width: 300px) 100vw, 300px\" \/> <img loading=\"lazy\" decoding=\"async\" class=\"size-medium wp-image-1872 alignleft\" src=\"http:\/\/www.alpakahof-gruene-au.de\/zandt\/wp-content\/uploads\/2017\/05\/18423821_1517340018325332_4643329978091743522_n-300x225.jpg\" alt=\"\" width=\"300\" height=\"225\" srcset=\"https:\/\/www.alpakahof-gruene-au.de\/zandt\/wp-content\/uploads\/2017\/05\/18423821_1517340018325332_4643329978091743522_n-300x225.jpg 300w, https:\/\/www.alpakahof-gruene-au.de\/zandt\/wp-content\/uploads\/2017\/05\/18423821_1517340018325332_4643329978091743522_n-768x576.jpg 768w, https:\/\/www.alpakahof-gruene-au.de\/zandt\/wp-content\/uploads\/2017\/05\/18423821_1517340018325332_4643329978091743522_n.jpg 960w\" sizes=\"(max-width: 300px) 100vw, 300px\" \/><img loading=\"lazy\" decoding=\"async\" class=\"size-medium wp-image-1880 alignnone\" src=\"http:\/\/www.alpakahof-gruene-au.de\/zandt\/wp-content\/uploads\/2017\/05\/18556053_1517339228325411_1940199601286071320_n-300x225.jpg\" alt=\"\" width=\"300\" height=\"225\" srcset=\"https:\/\/www.alpakahof-gruene-au.de\/zandt\/wp-content\/uploads\/2017\/05\/18556053_1517339228325411_1940199601286071320_n-300x225.jpg 300w, https:\/\/www.alpakahof-gruene-au.de\/zandt\/wp-content\/uploads\/2017\/05\/18556053_1517339228325411_1940199601286071320_n-768x576.jpg 768w, https:\/\/www.alpakahof-gruene-au.de\/zandt\/wp-content\/uploads\/2017\/05\/18556053_1517339228325411_1940199601286071320_n.jpg 960w\" sizes=\"(max-width: 300px) 100vw, 300px\" \/> <img loading=\"lazy\" decoding=\"async\" class=\"size-medium wp-image-1879 alignleft\" src=\"http:\/\/www.alpakahof-gruene-au.de\/zandt\/wp-content\/uploads\/2017\/05\/18486429_1517339611658706_8782640083205146755_n-300x225.jpg\" alt=\"\" width=\"300\" height=\"225\" srcset=\"https:\/\/www.alpakahof-gruene-au.de\/zandt\/wp-content\/uploads\/2017\/05\/18486429_1517339611658706_8782640083205146755_n-300x225.jpg 300w, https:\/\/www.alpakahof-gruene-au.de\/zandt\/wp-content\/uploads\/2017\/05\/18486429_1517339611658706_8782640083205146755_n-768x576.jpg 768w, https:\/\/www.alpakahof-gruene-au.de\/zandt\/wp-content\/uploads\/2017\/05\/18486429_1517339611658706_8782640083205146755_n.jpg 960w\" sizes=\"(max-width: 300px) 100vw, 300px\" \/> <img loading=\"lazy\" decoding=\"async\" class=\"size-medium wp-image-1878 alignleft\" src=\"http:\/\/www.alpakahof-gruene-au.de\/zandt\/wp-content\/uploads\/2017\/05\/18447156_1517339931658674_2717305995420374341_n-300x169.jpg\" alt=\"\" width=\"300\" height=\"169\" srcset=\"https:\/\/www.alpakahof-gruene-au.de\/zandt\/wp-content\/uploads\/2017\/05\/18447156_1517339931658674_2717305995420374341_n-300x169.jpg 300w, https:\/\/www.alpakahof-gruene-au.de\/zandt\/wp-content\/uploads\/2017\/05\/18447156_1517339931658674_2717305995420374341_n-768x432.jpg 768w, https:\/\/www.alpakahof-gruene-au.de\/zandt\/wp-content\/uploads\/2017\/05\/18447156_1517339931658674_2717305995420374341_n.jpg 960w\" sizes=\"(max-width: 300px) 100vw, 300px\" \/> <img loading=\"lazy\" decoding=\"async\" class=\"size-medium wp-image-1877 aligncenter\" src=\"http:\/\/www.alpakahof-gruene-au.de\/zandt\/wp-content\/uploads\/2017\/05\/18446988_1517339058325428_6025538349251626357_n-300x169.jpg\" alt=\"\" width=\"300\" height=\"169\" srcset=\"https:\/\/www.alpakahof-gruene-au.de\/zandt\/wp-content\/uploads\/2017\/05\/18446988_1517339058325428_6025538349251626357_n-300x169.jpg 300w, https:\/\/www.alpakahof-gruene-au.de\/zandt\/wp-content\/uploads\/2017\/05\/18446988_1517339058325428_6025538349251626357_n-768x432.jpg 768w, https:\/\/www.alpakahof-gruene-au.de\/zandt\/wp-content\/uploads\/2017\/05\/18446988_1517339058325428_6025538349251626357_n.jpg 960w\" sizes=\"(max-width: 300px) 100vw, 300px\" \/> <img loading=\"lazy\" decoding=\"async\" class=\"size-medium wp-image-1876 alignleft\" src=\"http:\/\/www.alpakahof-gruene-au.de\/zandt\/wp-content\/uploads\/2017\/05\/18425547_1517339158325418_76274461133904037_n-300x225.jpg\" alt=\"\" width=\"300\" height=\"225\" srcset=\"https:\/\/www.alpakahof-gruene-au.de\/zandt\/wp-content\/uploads\/2017\/05\/18425547_1517339158325418_76274461133904037_n-300x225.jpg 300w, https:\/\/www.alpakahof-gruene-au.de\/zandt\/wp-content\/uploads\/2017\/05\/18425547_1517339158325418_76274461133904037_n-768x576.jpg 768w, https:\/\/www.alpakahof-gruene-au.de\/zandt\/wp-content\/uploads\/2017\/05\/18425547_1517339158325418_76274461133904037_n.jpg 960w\" sizes=\"(max-width: 300px) 100vw, 300px\" \/> <img loading=\"lazy\" decoding=\"async\" class=\"size-medium wp-image-1875 aligncenter\" src=\"http:\/\/www.alpakahof-gruene-au.de\/zandt\/wp-content\/uploads\/2017\/05\/18424191_1517339458325388_1777875955006963600_n-300x225.jpg\" alt=\"\" width=\"300\" height=\"225\" srcset=\"https:\/\/www.alpakahof-gruene-au.de\/zandt\/wp-content\/uploads\/2017\/05\/18424191_1517339458325388_1777875955006963600_n-300x225.jpg 300w, https:\/\/www.alpakahof-gruene-au.de\/zandt\/wp-content\/uploads\/2017\/05\/18424191_1517339458325388_1777875955006963600_n-768x576.jpg 768w, https:\/\/www.alpakahof-gruene-au.de\/zandt\/wp-content\/uploads\/2017\/05\/18424191_1517339458325388_1777875955006963600_n.jpg 960w\" sizes=\"(max-width: 300px) 100vw, 300px\" \/> <img loading=\"lazy\" decoding=\"async\" class=\"size-medium wp-image-1874 alignleft\" src=\"http:\/\/www.alpakahof-gruene-au.de\/zandt\/wp-content\/uploads\/2017\/05\/18424181_1517339821658685_8175848383648880632_n-300x225.jpg\" alt=\"\" width=\"300\" height=\"225\" srcset=\"https:\/\/www.alpakahof-gruene-au.de\/zandt\/wp-content\/uploads\/2017\/05\/18424181_1517339821658685_8175848383648880632_n-300x225.jpg 300w, https:\/\/www.alpakahof-gruene-au.de\/zandt\/wp-content\/uploads\/2017\/05\/18424181_1517339821658685_8175848383648880632_n-768x576.jpg 768w, https:\/\/www.alpakahof-gruene-au.de\/zandt\/wp-content\/uploads\/2017\/05\/18424181_1517339821658685_8175848383648880632_n.jpg 960w\" sizes=\"(max-width: 300px) 100vw, 300px\" \/><\/p>\n","protected":false},"excerpt":{"rendered":"<p>Ein wunderbares Geschenk f\u00fcr jede Mutter \u00a0\u00a0\u00a0 -&gt; eine F\u00fchrung am Alpakahof Gr\u00fcne Au. D A N K E, es war sehr sch\u00f6n mit euch.<\/p>\n","protected":false},"author":2,"featured_media":0,"parent":1860,"menu_order":2,"comment_status":"closed","ping_status":"closed","template":"","meta":{"footnotes":""},"_links":{"self":[{"href":"https:\/\/www.alpakahof-gruene-au.de\/zandt\/wp-json\/wp\/v2\/pages\/1871"}],"collection":[{"href":"https:\/\/www.alpakahof-gruene-au.de\/zandt\/wp-json\/wp\/v2\/pages"}],"about":[{"href":"https:\/\/www.alpakahof-gruene-au.de\/zandt\/wp-json\/wp\/v2\/types\/page"}],"author":[{"embeddable":true,"href":"https:\/\/www.alpakahof-gruene-au.de\/zandt\/wp-json\/wp\/v2\/users\/2"}],"replies":[{"embeddable":true,"href":"https:\/\/www.alpakahof-gruene-au.de\/zandt\/wp-json\/wp\/v2\/comments?post=1871"}],"version-history":[{"count":8,"href":"https:\/\/www.alpakahof-gruene-au.de\/zandt\/wp-json\/wp\/v2\/pages\/1871\/revisions"}],"predecessor-version":[{"id":1907,"href":"https:\/\/www.alpakahof-gruene-au.de\/zandt\/wp-json\/wp\/v2\/pages\/1871\/revisions\/1907"}],"up":[{"embeddable":true,"href":"https:\/\/www.alpakahof-gruene-au.de\/zandt\/wp-json\/wp\/v2\/pages\/1860"}],"wp:attachment":[{"href":"https:\/\/www.alpakahof-gruene-au.de\/zandt\/wp-json\/wp\/v2\/media?parent=1871"}],"curies":[{"name":"wp","href":"https:\/\/api.w.org\/{rel}","templated":true}]}}