{"id":1656,"date":"2016-04-15T06:45:11","date_gmt":"2016-04-15T06:45:11","guid":{"rendered":"http:\/\/www.alpakahof-gruene-au.de\/zandt\/?page_id=1656"},"modified":"2016-04-27T07:15:23","modified_gmt":"2016-04-27T07:15:23","slug":"bett-steppdecke-kissen","status":"publish","type":"page","link":"https:\/\/www.alpakahof-gruene-au.de\/zandt\/wollstueberl\/bett-steppdecke-kissen\/","title":{"rendered":"Bett &#8211; Steppdecke &#8211; Kissen"},"content":{"rendered":"<p><img loading=\"lazy\" decoding=\"async\" class=\"size-medium wp-image-1657 aligncenter\" src=\"http:\/\/www.alpakahof-gruene-au.de\/zandt\/wp-content\/uploads\/2016\/04\/Bett-klein-200x300.jpg\" alt=\"Bett klein\" width=\"200\" height=\"300\" srcset=\"https:\/\/www.alpakahof-gruene-au.de\/zandt\/wp-content\/uploads\/2016\/04\/Bett-klein-200x300.jpg 200w, https:\/\/www.alpakahof-gruene-au.de\/zandt\/wp-content\/uploads\/2016\/04\/Bett-klein.jpg 500w\" sizes=\"(max-width: 200px) 100vw, 200px\" \/><\/p>\n<div style=\"text-align: center;\"><span style=\"font-family: Calibri;\">Alpakafaser fungiert wie eine nat\u00fcrliche Klimaanlage, die W\u00e4rme und K\u00e4lte zum K\u00f6rper<\/span><\/div>\n<div style=\"text-align: center;\"><span style=\"font-family: Calibri;\">reguliert und Hitzestau verhindert. Die Alpaka-Faser ist stark widerstandsf\u00e4hig und <\/span><\/div>\n<div style=\"text-align: center;\"><span style=\"font-family: Calibri;\">haltbar und kann sogar eine heilende Wirkung haben: sie nimmt Schadstoffe auf und kann sie binden. <\/span><\/div>\n<div style=\"text-align: center;\"><\/div>\n<div style=\"text-align: center;\"><span style=\"font-family: Calibri;\">Das Naturhaar &#8222;Alpaka&#8220; ist in der Lage bis zu 33% seines eigenen Gewichts an Fl\u00fcssigkeit aufzunehmen bevor <\/span><span style=\"font-family: Calibri;\">sich das Material feucht anf\u00fchlt.<\/span><\/div>\n<div style=\"text-align: center;\"><\/div>\n<div style=\"text-align: center;\"><span style=\"font-family: Calibri;\">Durch den geringen Lanolingehalt der Faser sind die Decken f\u00fcr &#8220; Allergiker&#8220; besonders gut geeignet.<\/span><\/div>\n<div style=\"text-align: center;\"><\/div>\n<div style=\"text-align: center;\"><span style=\"font-family: Calibri;\">Unsere Bettdecken werden mit 100% Alpakavlies gef\u00fcllt.<\/span><\/div>\n<div style=\"text-align: center;\"><span style=\"font-family: Calibri;\">F\u00fcr das Inlett wird ein Baumwollgewebe aus kontrolliert biologischem Anbau verwendet.<\/span><\/div>\n<div style=\"text-align: center;\"><\/div>\n<div style=\"text-align: center;\"><span style=\"font-family: Calibri;\">Die Bettdecken werden in Standard-Ma\u00dfen, in Kindergr\u00f6\u00dfen, aber auch in Sondergr\u00f6\u00dfen angefertigt.<\/span><\/div>\n<div style=\"text-align: center;\"><span style=\"font-family: Calibri;\">Die Preise richten sich nach Menge und Gr\u00f6\u00dfe der Bef\u00fcllung mit Vlies.<\/span><\/div>\n","protected":false},"excerpt":{"rendered":"<p>Alpakafaser fungiert wie eine nat\u00fcrliche Klimaanlage, die W\u00e4rme und K\u00e4lte zum K\u00f6rper reguliert und Hitzestau verhindert. Die Alpaka-Faser ist stark widerstandsf\u00e4hig und haltbar und kann sogar eine heilende Wirkung haben: sie nimmt Schadstoffe auf und kann sie binden. Das Naturhaar &#8222;Alpaka&#8220; ist in der Lage bis zu 33% seines eigenen Gewichts an Fl\u00fcssigkeit aufzunehmen bevor &hellip; <a href=\"https:\/\/www.alpakahof-gruene-au.de\/zandt\/wollstueberl\/bett-steppdecke-kissen\/\" class=\"more-link\"><span class=\"screen-reader-text\">Bett &#8211; Steppdecke &#8211; Kissen<\/span> weiterlesen <span class=\"meta-nav\">&rarr;<\/span><\/a><\/p>\n","protected":false},"author":2,"featured_media":0,"parent":1563,"menu_order":1,"comment_status":"closed","ping_status":"closed","template":"","meta":{"footnotes":""},"_links":{"self":[{"href":"https:\/\/www.alpakahof-gruene-au.de\/zandt\/wp-json\/wp\/v2\/pages\/1656"}],"collection":[{"href":"https:\/\/www.alpakahof-gruene-au.de\/zandt\/wp-json\/wp\/v2\/pages"}],"about":[{"href":"https:\/\/www.alpakahof-gruene-au.de\/zandt\/wp-json\/wp\/v2\/types\/page"}],"author":[{"embeddable":true,"href":"https:\/\/www.alpakahof-gruene-au.de\/zandt\/wp-json\/wp\/v2\/users\/2"}],"replies":[{"embeddable":true,"href":"https:\/\/www.alpakahof-gruene-au.de\/zandt\/wp-json\/wp\/v2\/comments?post=1656"}],"version-history":[{"count":6,"href":"https:\/\/www.alpakahof-gruene-au.de\/zandt\/wp-json\/wp\/v2\/pages\/1656\/revisions"}],"predecessor-version":[{"id":1673,"href":"https:\/\/www.alpakahof-gruene-au.de\/zandt\/wp-json\/wp\/v2\/pages\/1656\/revisions\/1673"}],"up":[{"embeddable":true,"href":"https:\/\/www.alpakahof-gruene-au.de\/zandt\/wp-json\/wp\/v2\/pages\/1563"}],"wp:attachment":[{"href":"https:\/\/www.alpakahof-gruene-au.de\/zandt\/wp-json\/wp\/v2\/media?parent=1656"}],"curies":[{"name":"wp","href":"https:\/\/api.w.org\/{rel}","templated":true}]}}