{"id":1607,"date":"2016-04-15T05:20:25","date_gmt":"2016-04-15T05:20:25","guid":{"rendered":"http:\/\/www.alpakahof-gruene-au.de\/zandt\/?page_id=1607"},"modified":"2016-04-15T06:25:07","modified_gmt":"2016-04-15T06:25:07","slug":"bommel","status":"publish","type":"page","link":"https:\/\/www.alpakahof-gruene-au.de\/zandt\/wollstueberl\/bommel\/","title":{"rendered":"Bommel"},"content":{"rendered":"<h3 style=\"text-align: center;\"><img loading=\"lazy\" decoding=\"async\" class=\"aligncenter size-medium wp-image-1645\" src=\"http:\/\/www.alpakahof-gruene-au.de\/zandt\/wp-content\/uploads\/2016\/04\/Bommel-1-klein-300x227.jpg\" alt=\"Bommel 1 klein\" width=\"300\" height=\"227\" srcset=\"https:\/\/www.alpakahof-gruene-au.de\/zandt\/wp-content\/uploads\/2016\/04\/Bommel-1-klein-300x227.jpg 300w, https:\/\/www.alpakahof-gruene-au.de\/zandt\/wp-content\/uploads\/2016\/04\/Bommel-1-klein.jpg 662w\" sizes=\"(max-width: 300px) 100vw, 300px\" \/><\/h3>\n<h3 style=\"text-align: center;\"><img loading=\"lazy\" decoding=\"async\" class=\"aligncenter size-medium wp-image-1646\" src=\"http:\/\/www.alpakahof-gruene-au.de\/zandt\/wp-content\/uploads\/2016\/04\/Bommel-klein-287x300.jpg\" alt=\"Bommel klein\" width=\"287\" height=\"300\" srcset=\"https:\/\/www.alpakahof-gruene-au.de\/zandt\/wp-content\/uploads\/2016\/04\/Bommel-klein-287x300.jpg 287w, https:\/\/www.alpakahof-gruene-au.de\/zandt\/wp-content\/uploads\/2016\/04\/Bommel-klein-768x803.jpg 768w, https:\/\/www.alpakahof-gruene-au.de\/zandt\/wp-content\/uploads\/2016\/04\/Bommel-klein.jpg 800w\" sizes=\"(max-width: 287px) 100vw, 287px\" \/><\/h3>\n<h3 style=\"text-align: center;\"><\/h3>\n<h3 style=\"text-align: center;\">\u00a0Unsere Alpakafell-Bommel passen f\u00fcr alle M\u00fctzen<\/h3>\n<h3 style=\"text-align: center;\">&amp;<\/h3>\n<h3 style=\"text-align: center;\">es muss <span style=\"text-decoration: underline;\">KEIN<\/span> Tier daf\u00fcr sterben!!!<\/h3>\n","protected":false},"excerpt":{"rendered":"<p>\u00a0Unsere Alpakafell-Bommel passen f\u00fcr alle M\u00fctzen &amp; es muss KEIN Tier daf\u00fcr sterben!!!<\/p>\n","protected":false},"author":2,"featured_media":0,"parent":1563,"menu_order":3,"comment_status":"closed","ping_status":"closed","template":"","meta":{"footnotes":""},"_links":{"self":[{"href":"https:\/\/www.alpakahof-gruene-au.de\/zandt\/wp-json\/wp\/v2\/pages\/1607"}],"collection":[{"href":"https:\/\/www.alpakahof-gruene-au.de\/zandt\/wp-json\/wp\/v2\/pages"}],"about":[{"href":"https:\/\/www.alpakahof-gruene-au.de\/zandt\/wp-json\/wp\/v2\/types\/page"}],"author":[{"embeddable":true,"href":"https:\/\/www.alpakahof-gruene-au.de\/zandt\/wp-json\/wp\/v2\/users\/2"}],"replies":[{"embeddable":true,"href":"https:\/\/www.alpakahof-gruene-au.de\/zandt\/wp-json\/wp\/v2\/comments?post=1607"}],"version-history":[{"count":3,"href":"https:\/\/www.alpakahof-gruene-au.de\/zandt\/wp-json\/wp\/v2\/pages\/1607\/revisions"}],"predecessor-version":[{"id":1648,"href":"https:\/\/www.alpakahof-gruene-au.de\/zandt\/wp-json\/wp\/v2\/pages\/1607\/revisions\/1648"}],"up":[{"embeddable":true,"href":"https:\/\/www.alpakahof-gruene-au.de\/zandt\/wp-json\/wp\/v2\/pages\/1563"}],"wp:attachment":[{"href":"https:\/\/www.alpakahof-gruene-au.de\/zandt\/wp-json\/wp\/v2\/media?parent=1607"}],"curies":[{"name":"wp","href":"https:\/\/api.w.org\/{rel}","templated":true}]}}