{"id":1603,"date":"2016-04-15T05:20:10","date_gmt":"2016-04-15T05:20:10","guid":{"rendered":"http:\/\/www.alpakahof-gruene-au.de\/zandt\/?page_id=1603"},"modified":"2020-12-12T13:38:59","modified_gmt":"2020-12-12T13:38:59","slug":"handschuhe","status":"publish","type":"page","link":"https:\/\/www.alpakahof-gruene-au.de\/zandt\/wollstueberl\/handschuhe\/","title":{"rendered":"Handschuhe &#038; Pulsw\u00e4rmer"},"content":{"rendered":"\n<p><\/p>\n\n\n\n<p><strong>F\u00e4ustlinge f\u00fcr Sie &amp; Ihn &amp; Kinder<\/strong><\/p>\n\n\n\n<figure class=\"wp-block-gallery columns-3 is-cropped wp-block-gallery-1 is-layout-flex wp-block-gallery-is-layout-flex\"><ul class=\"blocks-gallery-grid\"><li class=\"blocks-gallery-item\"><figure><a href=\"http:\/\/www.alpakahof-gruene-au.de\/zandt\/wp-content\/uploads\/2020\/12\/faeustlinge-klein.jpg\"><img loading=\"lazy\" decoding=\"async\" width=\"807\" height=\"605\" src=\"http:\/\/www.alpakahof-gruene-au.de\/zandt\/wp-content\/uploads\/2020\/12\/faeustlinge-klein.jpg\" alt=\"\" data-id=\"2346\" data-full-url=\"http:\/\/www.alpakahof-gruene-au.de\/zandt\/wp-content\/uploads\/2020\/12\/faeustlinge-klein.jpg\" data-link=\"http:\/\/www.alpakahof-gruene-au.de\/zandt\/wollstueberl\/handschuhe\/faeustlinge-klein\/\" class=\"wp-image-2346\" srcset=\"https:\/\/www.alpakahof-gruene-au.de\/zandt\/wp-content\/uploads\/2020\/12\/faeustlinge-klein.jpg 807w, https:\/\/www.alpakahof-gruene-au.de\/zandt\/wp-content\/uploads\/2020\/12\/faeustlinge-klein-300x225.jpg 300w, https:\/\/www.alpakahof-gruene-au.de\/zandt\/wp-content\/uploads\/2020\/12\/faeustlinge-klein-768x576.jpg 768w\" sizes=\"(max-width: 807px) 100vw, 807px\" \/><\/a><\/figure><\/li><li class=\"blocks-gallery-item\"><figure><a href=\"http:\/\/www.alpakahof-gruene-au.de\/zandt\/wp-content\/uploads\/2016\/04\/Faust-schwarz-klein.jpg\"><img loading=\"lazy\" decoding=\"async\" width=\"908\" height=\"683\" src=\"http:\/\/www.alpakahof-gruene-au.de\/zandt\/wp-content\/uploads\/2016\/04\/Faust-schwarz-klein.jpg\" alt=\"\" data-id=\"1620\" data-full-url=\"http:\/\/www.alpakahof-gruene-au.de\/zandt\/wp-content\/uploads\/2016\/04\/Faust-schwarz-klein.jpg\" data-link=\"http:\/\/www.alpakahof-gruene-au.de\/zandt\/wollstueberl\/handschuhe\/faust-schwarz-klein\/\" class=\"wp-image-1620\" srcset=\"https:\/\/www.alpakahof-gruene-au.de\/zandt\/wp-content\/uploads\/2016\/04\/Faust-schwarz-klein.jpg 908w, https:\/\/www.alpakahof-gruene-au.de\/zandt\/wp-content\/uploads\/2016\/04\/Faust-schwarz-klein-300x226.jpg 300w, https:\/\/www.alpakahof-gruene-au.de\/zandt\/wp-content\/uploads\/2016\/04\/Faust-schwarz-klein-768x578.jpg 768w\" sizes=\"(max-width: 908px) 100vw, 908px\" \/><\/a><\/figure><\/li><li class=\"blocks-gallery-item\"><figure><a href=\"http:\/\/www.alpakahof-gruene-au.de\/zandt\/wp-content\/uploads\/2016\/04\/Faust-Muster-klein.jpg\"><img loading=\"lazy\" decoding=\"async\" width=\"375\" height=\"375\" src=\"http:\/\/www.alpakahof-gruene-au.de\/zandt\/wp-content\/uploads\/2016\/04\/Faust-Muster-klein.jpg\" alt=\"\" data-id=\"1619\" data-full-url=\"http:\/\/www.alpakahof-gruene-au.de\/zandt\/wp-content\/uploads\/2016\/04\/Faust-Muster-klein.jpg\" data-link=\"http:\/\/www.alpakahof-gruene-au.de\/zandt\/wollstueberl\/handschuhe\/faust-muster-klein\/\" class=\"wp-image-1619\" srcset=\"https:\/\/www.alpakahof-gruene-au.de\/zandt\/wp-content\/uploads\/2016\/04\/Faust-Muster-klein.jpg 375w, https:\/\/www.alpakahof-gruene-au.de\/zandt\/wp-content\/uploads\/2016\/04\/Faust-Muster-klein-150x150.jpg 150w, https:\/\/www.alpakahof-gruene-au.de\/zandt\/wp-content\/uploads\/2016\/04\/Faust-Muster-klein-300x300.jpg 300w\" sizes=\"(max-width: 375px) 100vw, 375px\" \/><\/a><\/figure><\/li><li class=\"blocks-gallery-item\"><figure><a href=\"http:\/\/www.alpakahof-gruene-au.de\/zandt\/wp-content\/uploads\/2015\/04\/Alpaka-Fellhandschuhe-klein.jpg\"><img loading=\"lazy\" decoding=\"async\" width=\"876\" height=\"683\" src=\"http:\/\/www.alpakahof-gruene-au.de\/zandt\/wp-content\/uploads\/2015\/04\/Alpaka-Fellhandschuhe-klein.jpg\" alt=\"\" data-id=\"1557\" data-full-url=\"http:\/\/www.alpakahof-gruene-au.de\/zandt\/wp-content\/uploads\/2015\/04\/Alpaka-Fellhandschuhe-klein.jpg\" data-link=\"http:\/\/www.alpakahof-gruene-au.de\/zandt\/wollstueberl\/alpaka-fellhandschuhe-klein\/\" class=\"wp-image-1557\" srcset=\"https:\/\/www.alpakahof-gruene-au.de\/zandt\/wp-content\/uploads\/2015\/04\/Alpaka-Fellhandschuhe-klein.jpg 876w, https:\/\/www.alpakahof-gruene-au.de\/zandt\/wp-content\/uploads\/2015\/04\/Alpaka-Fellhandschuhe-klein-300x233.jpg 300w\" sizes=\"(max-width: 876px) 100vw, 876px\" \/><\/a><\/figure><\/li><li class=\"blocks-gallery-item\"><figure><a href=\"http:\/\/www.alpakahof-gruene-au.de\/zandt\/wp-content\/uploads\/2015\/04\/Handschuhe-schwarz-klein.jpg\"><img loading=\"lazy\" decoding=\"async\" width=\"908\" height=\"683\" src=\"http:\/\/www.alpakahof-gruene-au.de\/zandt\/wp-content\/uploads\/2015\/04\/Handschuhe-schwarz-klein.jpg\" alt=\"\" data-id=\"1549\" data-full-url=\"http:\/\/www.alpakahof-gruene-au.de\/zandt\/wp-content\/uploads\/2015\/04\/Handschuhe-schwarz-klein.jpg\" data-link=\"http:\/\/www.alpakahof-gruene-au.de\/zandt\/wollstueberl\/handschuhe-schwarz-klein\/\" class=\"wp-image-1549\" srcset=\"https:\/\/www.alpakahof-gruene-au.de\/zandt\/wp-content\/uploads\/2015\/04\/Handschuhe-schwarz-klein.jpg 908w, https:\/\/www.alpakahof-gruene-au.de\/zandt\/wp-content\/uploads\/2015\/04\/Handschuhe-schwarz-klein-300x225.jpg 300w\" sizes=\"(max-width: 908px) 100vw, 908px\" \/><\/a><\/figure><\/li><\/ul><\/figure>\n\n\n\n<p><\/p>\n\n\n\n<p><\/p>\n\n\n\n<p><strong>Fingerhandschuhe f\u00fcr Sie &amp; Ihn &amp; Kinder<\/strong><\/p>\n\n\n\n<figure class=\"wp-block-gallery columns-3 is-cropped wp-block-gallery-2 is-layout-flex wp-block-gallery-is-layout-flex\"><ul class=\"blocks-gallery-grid\"><li class=\"blocks-gallery-item\"><figure><a href=\"http:\/\/www.alpakahof-gruene-au.de\/zandt\/wp-content\/uploads\/2020\/12\/fingerhandschuhe-klein.jpg\"><img loading=\"lazy\" decoding=\"async\" width=\"807\" height=\"605\" src=\"http:\/\/www.alpakahof-gruene-au.de\/zandt\/wp-content\/uploads\/2020\/12\/fingerhandschuhe-klein.jpg\" alt=\"\" data-id=\"2348\" data-full-url=\"http:\/\/www.alpakahof-gruene-au.de\/zandt\/wp-content\/uploads\/2020\/12\/fingerhandschuhe-klein.jpg\" data-link=\"http:\/\/www.alpakahof-gruene-au.de\/zandt\/wollstueberl\/handschuhe\/fingerhandschuhe-klein\/\" class=\"wp-image-2348\" srcset=\"https:\/\/www.alpakahof-gruene-au.de\/zandt\/wp-content\/uploads\/2020\/12\/fingerhandschuhe-klein.jpg 807w, https:\/\/www.alpakahof-gruene-au.de\/zandt\/wp-content\/uploads\/2020\/12\/fingerhandschuhe-klein-300x225.jpg 300w, https:\/\/www.alpakahof-gruene-au.de\/zandt\/wp-content\/uploads\/2020\/12\/fingerhandschuhe-klein-768x576.jpg 768w\" sizes=\"(max-width: 807px) 100vw, 807px\" \/><\/a><\/figure><\/li><li class=\"blocks-gallery-item\"><figure><a href=\"http:\/\/www.alpakahof-gruene-au.de\/zandt\/wp-content\/uploads\/2020\/12\/fingerhandschuhe-2-klein.jpg\"><img loading=\"lazy\" decoding=\"async\" width=\"807\" height=\"605\" src=\"http:\/\/www.alpakahof-gruene-au.de\/zandt\/wp-content\/uploads\/2020\/12\/fingerhandschuhe-2-klein.jpg\" alt=\"\" data-id=\"2347\" data-full-url=\"http:\/\/www.alpakahof-gruene-au.de\/zandt\/wp-content\/uploads\/2020\/12\/fingerhandschuhe-2-klein.jpg\" data-link=\"http:\/\/www.alpakahof-gruene-au.de\/zandt\/wollstueberl\/handschuhe\/fingerhandschuhe-2-klein\/\" class=\"wp-image-2347\" srcset=\"https:\/\/www.alpakahof-gruene-au.de\/zandt\/wp-content\/uploads\/2020\/12\/fingerhandschuhe-2-klein.jpg 807w, https:\/\/www.alpakahof-gruene-au.de\/zandt\/wp-content\/uploads\/2020\/12\/fingerhandschuhe-2-klein-300x225.jpg 300w, https:\/\/www.alpakahof-gruene-au.de\/zandt\/wp-content\/uploads\/2020\/12\/fingerhandschuhe-2-klein-768x576.jpg 768w\" sizes=\"(max-width: 807px) 100vw, 807px\" \/><\/a><\/figure><\/li><li class=\"blocks-gallery-item\"><figure><a href=\"http:\/\/www.alpakahof-gruene-au.de\/zandt\/wp-content\/uploads\/2016\/04\/Finger-schwarz-klein.jpg\"><img loading=\"lazy\" decoding=\"async\" width=\"750\" height=\"500\" src=\"http:\/\/www.alpakahof-gruene-au.de\/zandt\/wp-content\/uploads\/2016\/04\/Finger-schwarz-klein.jpg\" alt=\"\" data-id=\"1624\" data-full-url=\"http:\/\/www.alpakahof-gruene-au.de\/zandt\/wp-content\/uploads\/2016\/04\/Finger-schwarz-klein.jpg\" data-link=\"http:\/\/www.alpakahof-gruene-au.de\/zandt\/wollstueberl\/handschuhe\/finger-schwarz-klein\/\" class=\"wp-image-1624\" srcset=\"https:\/\/www.alpakahof-gruene-au.de\/zandt\/wp-content\/uploads\/2016\/04\/Finger-schwarz-klein.jpg 750w, https:\/\/www.alpakahof-gruene-au.de\/zandt\/wp-content\/uploads\/2016\/04\/Finger-schwarz-klein-300x200.jpg 300w\" sizes=\"(max-width: 750px) 100vw, 750px\" \/><\/a><\/figure><\/li><li class=\"blocks-gallery-item\"><figure><a href=\"http:\/\/www.alpakahof-gruene-au.de\/zandt\/wp-content\/uploads\/2016\/04\/Finger-wei\u00df-Muster-klein.jpg\"><img loading=\"lazy\" decoding=\"async\" width=\"571\" height=\"415\" src=\"http:\/\/www.alpakahof-gruene-au.de\/zandt\/wp-content\/uploads\/2016\/04\/Finger-wei\u00df-Muster-klein.jpg\" alt=\"\" data-id=\"1625\" data-full-url=\"http:\/\/www.alpakahof-gruene-au.de\/zandt\/wp-content\/uploads\/2016\/04\/Finger-wei\u00df-Muster-klein.jpg\" data-link=\"http:\/\/www.alpakahof-gruene-au.de\/zandt\/wollstueberl\/handschuhe\/finger-weiss-muster-klein\/\" class=\"wp-image-1625\" srcset=\"https:\/\/www.alpakahof-gruene-au.de\/zandt\/wp-content\/uploads\/2016\/04\/Finger-wei\u00df-Muster-klein.jpg 571w, https:\/\/www.alpakahof-gruene-au.de\/zandt\/wp-content\/uploads\/2016\/04\/Finger-wei\u00df-Muster-klein-300x218.jpg 300w\" sizes=\"(max-width: 571px) 100vw, 571px\" \/><\/a><\/figure><\/li><li class=\"blocks-gallery-item\"><figure><a href=\"http:\/\/www.alpakahof-gruene-au.de\/zandt\/wp-content\/uploads\/2016\/04\/Finger-rot-klein.jpg\"><img loading=\"lazy\" decoding=\"async\" width=\"1024\" height=\"696\" src=\"http:\/\/www.alpakahof-gruene-au.de\/zandt\/wp-content\/uploads\/2016\/04\/Finger-rot-klein-1024x696.jpg\" alt=\"\" data-id=\"1623\" data-full-url=\"http:\/\/www.alpakahof-gruene-au.de\/zandt\/wp-content\/uploads\/2016\/04\/Finger-rot-klein.jpg\" data-link=\"http:\/\/www.alpakahof-gruene-au.de\/zandt\/wollstueberl\/handschuhe\/finger-rot-klein\/\" class=\"wp-image-1623\" srcset=\"https:\/\/www.alpakahof-gruene-au.de\/zandt\/wp-content\/uploads\/2016\/04\/Finger-rot-klein-1024x696.jpg 1024w, https:\/\/www.alpakahof-gruene-au.de\/zandt\/wp-content\/uploads\/2016\/04\/Finger-rot-klein-300x204.jpg 300w, https:\/\/www.alpakahof-gruene-au.de\/zandt\/wp-content\/uploads\/2016\/04\/Finger-rot-klein-768x522.jpg 768w, https:\/\/www.alpakahof-gruene-au.de\/zandt\/wp-content\/uploads\/2016\/04\/Finger-rot-klein.jpg 1130w\" sizes=\"(max-width: 1024px) 100vw, 1024px\" \/><\/a><\/figure><\/li><li class=\"blocks-gallery-item\"><figure><a href=\"http:\/\/www.alpakahof-gruene-au.de\/zandt\/wp-content\/uploads\/2016\/04\/Finger-Muster-klein.jpg\"><img loading=\"lazy\" decoding=\"async\" width=\"677\" height=\"500\" src=\"http:\/\/www.alpakahof-gruene-au.de\/zandt\/wp-content\/uploads\/2016\/04\/Finger-Muster-klein.jpg\" alt=\"\" data-id=\"1622\" data-full-url=\"http:\/\/www.alpakahof-gruene-au.de\/zandt\/wp-content\/uploads\/2016\/04\/Finger-Muster-klein.jpg\" data-link=\"http:\/\/www.alpakahof-gruene-au.de\/zandt\/wollstueberl\/handschuhe\/finger-muster-klein\/\" class=\"wp-image-1622\" srcset=\"https:\/\/www.alpakahof-gruene-au.de\/zandt\/wp-content\/uploads\/2016\/04\/Finger-Muster-klein.jpg 677w, https:\/\/www.alpakahof-gruene-au.de\/zandt\/wp-content\/uploads\/2016\/04\/Finger-Muster-klein-300x222.jpg 300w\" sizes=\"(max-width: 677px) 100vw, 677px\" \/><\/a><\/figure><\/li><\/ul><\/figure>\n\n\n\n<p><\/p>\n\n\n\n<p><\/p>\n\n\n\n<p><strong>Pulsw\u00e4rmer<\/strong><\/p>\n\n\n\n<figure class=\"wp-block-image size-large\"><a href=\"http:\/\/www.alpakahof-gruene-au.de\/zandt\/wp-content\/uploads\/2020\/12\/pulswaermer-klein.jpg\"><img loading=\"lazy\" decoding=\"async\" width=\"646\" height=\"484\" src=\"http:\/\/www.alpakahof-gruene-au.de\/zandt\/wp-content\/uploads\/2020\/12\/pulswaermer-klein.jpg\" alt=\"\" class=\"wp-image-2349\" srcset=\"https:\/\/www.alpakahof-gruene-au.de\/zandt\/wp-content\/uploads\/2020\/12\/pulswaermer-klein.jpg 646w, https:\/\/www.alpakahof-gruene-au.de\/zandt\/wp-content\/uploads\/2020\/12\/pulswaermer-klein-300x225.jpg 300w\" sizes=\"(max-width: 646px) 100vw, 646px\" \/><\/a><\/figure>\n","protected":false},"excerpt":{"rendered":"<p>F\u00e4ustlinge f\u00fcr Sie &amp; Ihn &amp; Kinder Fingerhandschuhe f\u00fcr Sie &amp; Ihn &amp; Kinder Pulsw\u00e4rmer<\/p>\n","protected":false},"author":2,"featured_media":0,"parent":1563,"menu_order":4,"comment_status":"closed","ping_status":"closed","template":"","meta":{"footnotes":""},"_links":{"self":[{"href":"https:\/\/www.alpakahof-gruene-au.de\/zandt\/wp-json\/wp\/v2\/pages\/1603"}],"collection":[{"href":"https:\/\/www.alpakahof-gruene-au.de\/zandt\/wp-json\/wp\/v2\/pages"}],"about":[{"href":"https:\/\/www.alpakahof-gruene-au.de\/zandt\/wp-json\/wp\/v2\/types\/page"}],"author":[{"embeddable":true,"href":"https:\/\/www.alpakahof-gruene-au.de\/zandt\/wp-json\/wp\/v2\/users\/2"}],"replies":[{"embeddable":true,"href":"https:\/\/www.alpakahof-gruene-au.de\/zandt\/wp-json\/wp\/v2\/comments?post=1603"}],"version-history":[{"count":4,"href":"https:\/\/www.alpakahof-gruene-au.de\/zandt\/wp-json\/wp\/v2\/pages\/1603\/revisions"}],"predecessor-version":[{"id":2350,"href":"https:\/\/www.alpakahof-gruene-au.de\/zandt\/wp-json\/wp\/v2\/pages\/1603\/revisions\/2350"}],"up":[{"embeddable":true,"href":"https:\/\/www.alpakahof-gruene-au.de\/zandt\/wp-json\/wp\/v2\/pages\/1563"}],"wp:attachment":[{"href":"https:\/\/www.alpakahof-gruene-au.de\/zandt\/wp-json\/wp\/v2\/media?parent=1603"}],"curies":[{"name":"wp","href":"https:\/\/api.w.org\/{rel}","templated":true}]}}