{"id":1565,"date":"2016-03-11T18:02:51","date_gmt":"2016-03-11T18:02:51","guid":{"rendered":"http:\/\/www.alpakahof-gruene-au.de\/zandt\/?page_id=1565"},"modified":"2020-10-23T13:00:44","modified_gmt":"2020-10-23T13:00:44","slug":"verkaufstiere","status":"publish","type":"page","link":"https:\/\/www.alpakahof-gruene-au.de\/zandt\/verkaufstiere\/","title":{"rendered":"Verkaufstiere"},"content":{"rendered":"\n<h1 class=\"has-medium-font-size wp-block-heading\">ALPAKA STUTEN und HENGSTE vom Alpakahof Gr\u00fcne Au zu verkaufen &#8211; verschiedene Farben<\/h1>\n\n\n\n<p>Wir verkaufen ALPAKA Stuten und Hengste, aus eigener Zucht, in verschiedenen Farben.<br>Unsere Tiere sind alle ruhig, ausgeglichen, umg\u00e4nglich und gutm\u00fctig.<\/p>\n\n\n\n<p>&nbsp;<br>F\u00fcr Vlies- und Deckungsinformationen und Details zu unseren Tieren kontaktieren Sie uns bitte.<\/p>\n\n\n\n<p><br>Wir bieten auch DECKSERVICE mit unseren verschiedenen Hengsten an.<\/p>\n\n\n\n<p><br>Preise nach Vereinbarung.<br>Nehmen Sie doch einfach Kontakt mit uns auf:<br>Fam. Fr\u00fcchtl<br>Alpakahof Gr\u00fcne Au<br>93499 Zandt <\/p>\n\n\n\n<p>Tel. 099442404 oder per Mail johann_fruechtl@gmx.de<\/p>\n\n\n\n<p><\/p>\n\n\n\n<figure class=\"wp-block-image size-large is-style-rounded\"><img loading=\"lazy\" decoding=\"async\" width=\"1024\" height=\"683\" src=\"http:\/\/www.alpakahof-gruene-au.de\/zandt\/wp-content\/uploads\/2020\/10\/Foto-Jacky-18-1024x683.jpg\" alt=\"\" class=\"wp-image-2310\" srcset=\"https:\/\/www.alpakahof-gruene-au.de\/zandt\/wp-content\/uploads\/2020\/10\/Foto-Jacky-18-1024x683.jpg 1024w, https:\/\/www.alpakahof-gruene-au.de\/zandt\/wp-content\/uploads\/2020\/10\/Foto-Jacky-18-300x200.jpg 300w, https:\/\/www.alpakahof-gruene-au.de\/zandt\/wp-content\/uploads\/2020\/10\/Foto-Jacky-18-768x512.jpg 768w, https:\/\/www.alpakahof-gruene-au.de\/zandt\/wp-content\/uploads\/2020\/10\/Foto-Jacky-18-2048x1365.jpg 2048w\" sizes=\"(max-width: 1024px) 100vw, 1024px\" \/><\/figure>\n\n\n\n<figure class=\"wp-block-image size-large\"><img decoding=\"async\" src=\"blob:http:\/\/www.alpakahof-gruene-au.de\/2950e0de-479a-46e9-8ed1-0c1b4865efee\" alt=\"\"\/><\/figure>\n\n\n\n<figure class=\"wp-block-image size-large\"><img decoding=\"async\" src=\"blob:http:\/\/www.alpakahof-gruene-au.de\/bd66d590-ae89-4657-9d41-7964aeef4861\" alt=\"\"\/><\/figure>\n\n\n\n<figure class=\"wp-block-image size-large is-style-rounded\"><img decoding=\"async\" src=\"blob:http:\/\/www.alpakahof-gruene-au.de\/ab362164-c07f-4224-a0f1-3f88eb50e7bf\" alt=\"\"\/><\/figure>\n","protected":false},"excerpt":{"rendered":"<p>ALPAKA STUTEN und HENGSTE vom Alpakahof Gr\u00fcne Au zu verkaufen &#8211; verschiedene Farben Wir verkaufen ALPAKA Stuten und Hengste, aus eigener Zucht, in verschiedenen Farben.Unsere Tiere sind alle ruhig, ausgeglichen, umg\u00e4nglich und gutm\u00fctig. &nbsp;F\u00fcr Vlies- und Deckungsinformationen und Details zu unseren Tieren kontaktieren Sie uns bitte. Wir bieten auch DECKSERVICE mit unseren verschiedenen Hengsten an. &hellip; <a href=\"https:\/\/www.alpakahof-gruene-au.de\/zandt\/verkaufstiere\/\" class=\"more-link\"><span class=\"screen-reader-text\">Verkaufstiere<\/span> weiterlesen <span class=\"meta-nav\">&rarr;<\/span><\/a><\/p>\n","protected":false},"author":2,"featured_media":0,"parent":0,"menu_order":4,"comment_status":"closed","ping_status":"closed","template":"","meta":{"footnotes":""},"_links":{"self":[{"href":"https:\/\/www.alpakahof-gruene-au.de\/zandt\/wp-json\/wp\/v2\/pages\/1565"}],"collection":[{"href":"https:\/\/www.alpakahof-gruene-au.de\/zandt\/wp-json\/wp\/v2\/pages"}],"about":[{"href":"https:\/\/www.alpakahof-gruene-au.de\/zandt\/wp-json\/wp\/v2\/types\/page"}],"author":[{"embeddable":true,"href":"https:\/\/www.alpakahof-gruene-au.de\/zandt\/wp-json\/wp\/v2\/users\/2"}],"replies":[{"embeddable":true,"href":"https:\/\/www.alpakahof-gruene-au.de\/zandt\/wp-json\/wp\/v2\/comments?post=1565"}],"version-history":[{"count":30,"href":"https:\/\/www.alpakahof-gruene-au.de\/zandt\/wp-json\/wp\/v2\/pages\/1565\/revisions"}],"predecessor-version":[{"id":2313,"href":"https:\/\/www.alpakahof-gruene-au.de\/zandt\/wp-json\/wp\/v2\/pages\/1565\/revisions\/2313"}],"wp:attachment":[{"href":"https:\/\/www.alpakahof-gruene-au.de\/zandt\/wp-json\/wp\/v2\/media?parent=1565"}],"curies":[{"name":"wp","href":"https:\/\/api.w.org\/{rel}","templated":true}]}}