{"id":1563,"date":"2016-03-11T18:00:53","date_gmt":"2016-03-11T18:00:53","guid":{"rendered":"http:\/\/www.alpakahof-gruene-au.de\/zandt\/?page_id=1563"},"modified":"2020-08-23T11:39:55","modified_gmt":"2020-08-23T11:39:55","slug":"wollstueberl","status":"publish","type":"page","link":"https:\/\/www.alpakahof-gruene-au.de\/zandt\/wollstueberl\/","title":{"rendered":"Wollst\u00fcberl"},"content":{"rendered":"<p><img loading=\"lazy\" decoding=\"async\" class=\"size-full wp-image-1593 alignnone\" src=\"http:\/\/www.alpakahof-gruene-au.de\/zandt\/wp-content\/uploads\/2016\/03\/Wollst\u00fcberl-Alpaka-5-klein.jpg\" alt=\"Wollst\u00fcberl - Alpaka (5) klein\" width=\"581\" height=\"815\" srcset=\"https:\/\/www.alpakahof-gruene-au.de\/zandt\/wp-content\/uploads\/2016\/03\/Wollst\u00fcberl-Alpaka-5-klein.jpg 581w, https:\/\/www.alpakahof-gruene-au.de\/zandt\/wp-content\/uploads\/2016\/03\/Wollst\u00fcberl-Alpaka-5-klein-214x300.jpg 214w\" sizes=\"(max-width: 581px) 100vw, 581px\" \/><\/p>\n<h4 style=\"text-align: center;\">Besuchen Sie uns in unserem Hofladen &#8222;Wollst\u00fcberl&#8220;.<\/h4>\n<p>Hier finden Sie verschiedene Produkte aus Alpakawolle &#8211; M\u00fctzen, Schals, Handschuhe, Betten, Kuscheltiere usw.<\/p>\n<p>Ebenso eine gro\u00dfe Auswahl an Socken &#8211; Wandersocken, Businesssocken, Kindersocken, Skisocken, gestrickte Socken usw.<\/p>\n<p style=\"text-align: right;\"><strong><span style=\"text-decoration: underline;\">\u00d6ffnungszeiten nach telefonischer Voranmeldung jederzeit m\u00f6glich.<\/span><\/strong><\/p>\n<p style=\"text-align: right;\"><img loading=\"lazy\" decoding=\"async\" class=\"size-medium wp-image-1659 alignleft\" src=\"http:\/\/www.alpakahof-gruene-au.de\/zandt\/wp-content\/uploads\/2016\/03\/Betten-1-klein-300x225.jpg\" alt=\"Betten 1 klein\" width=\"300\" height=\"225\" srcset=\"https:\/\/www.alpakahof-gruene-au.de\/zandt\/wp-content\/uploads\/2016\/03\/Betten-1-klein-300x225.jpg 300w, https:\/\/www.alpakahof-gruene-au.de\/zandt\/wp-content\/uploads\/2016\/03\/Betten-1-klein-768x576.jpg 768w, https:\/\/www.alpakahof-gruene-au.de\/zandt\/wp-content\/uploads\/2016\/03\/Betten-1-klein.jpg 816w\" sizes=\"(max-width: 300px) 100vw, 300px\" \/> <img loading=\"lazy\" decoding=\"async\" class=\"size-medium wp-image-1660 alignright\" src=\"http:\/\/www.alpakahof-gruene-au.de\/zandt\/wp-content\/uploads\/2016\/03\/Betten-klein-300x225.jpg\" alt=\"Betten klein\" width=\"300\" height=\"225\" srcset=\"https:\/\/www.alpakahof-gruene-au.de\/zandt\/wp-content\/uploads\/2016\/03\/Betten-klein-300x225.jpg 300w, https:\/\/www.alpakahof-gruene-au.de\/zandt\/wp-content\/uploads\/2016\/03\/Betten-klein-768x576.jpg 768w, https:\/\/www.alpakahof-gruene-au.de\/zandt\/wp-content\/uploads\/2016\/03\/Betten-klein.jpg 816w\" sizes=\"(max-width: 300px) 100vw, 300px\" \/> <img loading=\"lazy\" decoding=\"async\" class=\"size-medium wp-image-1661 alignleft\" src=\"http:\/\/www.alpakahof-gruene-au.de\/zandt\/wp-content\/uploads\/2016\/03\/Couch-klein-300x225.jpg\" alt=\"Couch klein\" width=\"300\" height=\"225\" srcset=\"https:\/\/www.alpakahof-gruene-au.de\/zandt\/wp-content\/uploads\/2016\/03\/Couch-klein-300x225.jpg 300w, https:\/\/www.alpakahof-gruene-au.de\/zandt\/wp-content\/uploads\/2016\/03\/Couch-klein-768x576.jpg 768w, https:\/\/www.alpakahof-gruene-au.de\/zandt\/wp-content\/uploads\/2016\/03\/Couch-klein.jpg 816w\" sizes=\"(max-width: 300px) 100vw, 300px\" \/> <img loading=\"lazy\" decoding=\"async\" class=\"size-medium wp-image-1662 alignright\" src=\"http:\/\/www.alpakahof-gruene-au.de\/zandt\/wp-content\/uploads\/2016\/03\/M\u00fctzen-klein-300x225.jpg\" alt=\"M\u00fctzen klein\" width=\"300\" height=\"225\" srcset=\"https:\/\/www.alpakahof-gruene-au.de\/zandt\/wp-content\/uploads\/2016\/03\/M\u00fctzen-klein-300x225.jpg 300w, https:\/\/www.alpakahof-gruene-au.de\/zandt\/wp-content\/uploads\/2016\/03\/M\u00fctzen-klein-768x576.jpg 768w, https:\/\/www.alpakahof-gruene-au.de\/zandt\/wp-content\/uploads\/2016\/03\/M\u00fctzen-klein.jpg 816w\" sizes=\"(max-width: 300px) 100vw, 300px\" \/> <img loading=\"lazy\" decoding=\"async\" class=\"size-medium wp-image-1663 alignleft\" src=\"http:\/\/www.alpakahof-gruene-au.de\/zandt\/wp-content\/uploads\/2016\/03\/Socken-1-klein-300x225.jpg\" alt=\"Socken 1 klein\" width=\"300\" height=\"225\" srcset=\"https:\/\/www.alpakahof-gruene-au.de\/zandt\/wp-content\/uploads\/2016\/03\/Socken-1-klein-300x225.jpg 300w, https:\/\/www.alpakahof-gruene-au.de\/zandt\/wp-content\/uploads\/2016\/03\/Socken-1-klein-768x576.jpg 768w, https:\/\/www.alpakahof-gruene-au.de\/zandt\/wp-content\/uploads\/2016\/03\/Socken-1-klein.jpg 816w\" sizes=\"(max-width: 300px) 100vw, 300px\" \/> <img loading=\"lazy\" decoding=\"async\" class=\"size-medium wp-image-1664 alignright\" src=\"http:\/\/www.alpakahof-gruene-au.de\/zandt\/wp-content\/uploads\/2016\/03\/Socken-klein-300x225.jpg\" alt=\"Socken klein\" width=\"300\" height=\"225\" srcset=\"https:\/\/www.alpakahof-gruene-au.de\/zandt\/wp-content\/uploads\/2016\/03\/Socken-klein-300x225.jpg 300w, https:\/\/www.alpakahof-gruene-au.de\/zandt\/wp-content\/uploads\/2016\/03\/Socken-klein-768x576.jpg 768w, https:\/\/www.alpakahof-gruene-au.de\/zandt\/wp-content\/uploads\/2016\/03\/Socken-klein.jpg 816w\" sizes=\"(max-width: 300px) 100vw, 300px\" \/><\/p>\n","protected":false},"excerpt":{"rendered":"<p>Besuchen Sie uns in unserem Hofladen &#8222;Wollst\u00fcberl&#8220;. Hier finden Sie verschiedene Produkte aus Alpakawolle &#8211; M\u00fctzen, Schals, Handschuhe, Betten, Kuscheltiere usw. Ebenso eine gro\u00dfe Auswahl an Socken &#8211; Wandersocken, Businesssocken, Kindersocken, Skisocken, gestrickte Socken usw. \u00d6ffnungszeiten nach telefonischer Voranmeldung jederzeit m\u00f6glich.<\/p>\n","protected":false},"author":2,"featured_media":0,"parent":0,"menu_order":3,"comment_status":"closed","ping_status":"closed","template":"","meta":{"footnotes":""},"_links":{"self":[{"href":"https:\/\/www.alpakahof-gruene-au.de\/zandt\/wp-json\/wp\/v2\/pages\/1563"}],"collection":[{"href":"https:\/\/www.alpakahof-gruene-au.de\/zandt\/wp-json\/wp\/v2\/pages"}],"about":[{"href":"https:\/\/www.alpakahof-gruene-au.de\/zandt\/wp-json\/wp\/v2\/types\/page"}],"author":[{"embeddable":true,"href":"https:\/\/www.alpakahof-gruene-au.de\/zandt\/wp-json\/wp\/v2\/users\/2"}],"replies":[{"embeddable":true,"href":"https:\/\/www.alpakahof-gruene-au.de\/zandt\/wp-json\/wp\/v2\/comments?post=1563"}],"version-history":[{"count":6,"href":"https:\/\/www.alpakahof-gruene-au.de\/zandt\/wp-json\/wp\/v2\/pages\/1563\/revisions"}],"predecessor-version":[{"id":2306,"href":"https:\/\/www.alpakahof-gruene-au.de\/zandt\/wp-json\/wp\/v2\/pages\/1563\/revisions\/2306"}],"wp:attachment":[{"href":"https:\/\/www.alpakahof-gruene-au.de\/zandt\/wp-json\/wp\/v2\/media?parent=1563"}],"curies":[{"name":"wp","href":"https:\/\/api.w.org\/{rel}","templated":true}]}}