{"id":1539,"date":"2016-02-25T06:12:37","date_gmt":"2016-02-25T06:12:37","guid":{"rendered":"http:\/\/www.alpakahof-gruene-au.de\/zandt\/?page_id=1539"},"modified":"2021-12-02T19:20:59","modified_gmt":"2021-12-02T19:20:59","slug":"kindersachen","status":"publish","type":"page","link":"https:\/\/www.alpakahof-gruene-au.de\/zandt\/wollstueberl\/kindersachen\/","title":{"rendered":"Kindersachen"},"content":{"rendered":"\n<h4 class=\"wp-block-heading\"><\/h4>\n\n\n\n<p><strong>Socken mit und ohne Stopper, Einlegesohlen<\/strong><\/p>\n\n\n\n<figure class=\"wp-block-gallery columns-3 is-cropped wp-block-gallery-1 is-layout-flex wp-block-gallery-is-layout-flex\"><ul class=\"blocks-gallery-grid\"><li class=\"blocks-gallery-item\"><figure><a href=\"http:\/\/www.alpakahof-gruene-au.de\/zandt\/wp-content\/uploads\/2016\/02\/Kinder-Socken-klein.jpg\"><img loading=\"lazy\" decoding=\"async\" width=\"1024\" height=\"653\" src=\"http:\/\/www.alpakahof-gruene-au.de\/zandt\/wp-content\/uploads\/2016\/02\/Kinder-Socken-klein.jpg\" alt=\"\" data-id=\"1541\" data-link=\"http:\/\/www.alpakahof-gruene-au.de\/zandt\/wollstueberl\/kindersachen\/kinder-socken-klein-2\/\" class=\"wp-image-1541\" srcset=\"https:\/\/www.alpakahof-gruene-au.de\/zandt\/wp-content\/uploads\/2016\/02\/Kinder-Socken-klein.jpg 1024w, https:\/\/www.alpakahof-gruene-au.de\/zandt\/wp-content\/uploads\/2016\/02\/Kinder-Socken-klein-300x191.jpg 300w\" sizes=\"(max-width: 1024px) 100vw, 1024px\" \/><\/a><\/figure><\/li><li class=\"blocks-gallery-item\"><figure><a href=\"http:\/\/www.alpakahof-gruene-au.de\/zandt\/wp-content\/uploads\/2020\/12\/Kinder-1-klein.jpg\"><img loading=\"lazy\" decoding=\"async\" width=\"646\" height=\"484\" src=\"http:\/\/www.alpakahof-gruene-au.de\/zandt\/wp-content\/uploads\/2020\/12\/Kinder-1-klein.jpg\" alt=\"\" data-id=\"2364\" data-link=\"http:\/\/www.alpakahof-gruene-au.de\/zandt\/wollstueberl\/kindersachen\/kinder-1-klein\/\" class=\"wp-image-2364\" srcset=\"https:\/\/www.alpakahof-gruene-au.de\/zandt\/wp-content\/uploads\/2020\/12\/Kinder-1-klein.jpg 646w, https:\/\/www.alpakahof-gruene-au.de\/zandt\/wp-content\/uploads\/2020\/12\/Kinder-1-klein-300x225.jpg 300w\" sizes=\"(max-width: 646px) 100vw, 646px\" \/><\/a><\/figure><\/li><li class=\"blocks-gallery-item\"><figure><a href=\"https:\/\/www.alpakahof-gruene-au.de\/zandt\/wp-content\/uploads\/2021\/12\/IMG_7590-1.jpg\"><img loading=\"lazy\" decoding=\"async\" width=\"894\" height=\"1024\" src=\"https:\/\/www.alpakahof-gruene-au.de\/zandt\/wp-content\/uploads\/2021\/12\/IMG_7590-1-894x1024.jpg\" alt=\"\" data-id=\"2504\" data-full-url=\"https:\/\/www.alpakahof-gruene-au.de\/zandt\/wp-content\/uploads\/2021\/12\/IMG_7590-1.jpg\" data-link=\"https:\/\/www.alpakahof-gruene-au.de\/zandt\/wollstueberl\/kindersachen\/img_7590-1\/\" class=\"wp-image-2504\" srcset=\"https:\/\/www.alpakahof-gruene-au.de\/zandt\/wp-content\/uploads\/2021\/12\/IMG_7590-1-894x1024.jpg 894w, https:\/\/www.alpakahof-gruene-au.de\/zandt\/wp-content\/uploads\/2021\/12\/IMG_7590-1-262x300.jpg 262w, https:\/\/www.alpakahof-gruene-au.de\/zandt\/wp-content\/uploads\/2021\/12\/IMG_7590-1-768x880.jpg 768w, https:\/\/www.alpakahof-gruene-au.de\/zandt\/wp-content\/uploads\/2021\/12\/IMG_7590-1.jpg 1117w\" sizes=\"(max-width: 894px) 100vw, 894px\" \/><\/a><\/figure><\/li><\/ul><\/figure>\n\n\n\n<p><\/p>\n\n\n\n<p><strong>F\u00e4ustlinge und Fingerhandschuhe<\/strong><\/p>\n\n\n\n<figure class=\"wp-block-gallery columns-2 is-cropped wp-block-gallery-2 is-layout-flex wp-block-gallery-is-layout-flex\"><ul class=\"blocks-gallery-grid\"><li class=\"blocks-gallery-item\"><figure><a href=\"http:\/\/www.alpakahof-gruene-au.de\/zandt\/wp-content\/uploads\/2020\/12\/Kinder-2-klein.jpg\"><img loading=\"lazy\" decoding=\"async\" width=\"646\" height=\"484\" src=\"http:\/\/www.alpakahof-gruene-au.de\/zandt\/wp-content\/uploads\/2020\/12\/Kinder-2-klein.jpg\" alt=\"\" data-id=\"2365\" data-full-url=\"http:\/\/www.alpakahof-gruene-au.de\/zandt\/wp-content\/uploads\/2020\/12\/Kinder-2-klein.jpg\" data-link=\"http:\/\/www.alpakahof-gruene-au.de\/zandt\/wollstueberl\/kindersachen\/kinder-2-klein\/\" class=\"wp-image-2365\" srcset=\"https:\/\/www.alpakahof-gruene-au.de\/zandt\/wp-content\/uploads\/2020\/12\/Kinder-2-klein.jpg 646w, https:\/\/www.alpakahof-gruene-au.de\/zandt\/wp-content\/uploads\/2020\/12\/Kinder-2-klein-300x225.jpg 300w\" sizes=\"(max-width: 646px) 100vw, 646px\" \/><\/a><\/figure><\/li><li class=\"blocks-gallery-item\"><figure><a href=\"http:\/\/www.alpakahof-gruene-au.de\/zandt\/wp-content\/uploads\/2016\/02\/Handschuhe-Kinder-beige-klein.jpg\"><img loading=\"lazy\" decoding=\"async\" width=\"820\" height=\"547\" src=\"http:\/\/www.alpakahof-gruene-au.de\/zandt\/wp-content\/uploads\/2016\/02\/Handschuhe-Kinder-beige-klein.jpg\" alt=\"\" data-id=\"1542\" data-full-url=\"http:\/\/www.alpakahof-gruene-au.de\/zandt\/wp-content\/uploads\/2016\/02\/Handschuhe-Kinder-beige-klein.jpg\" data-link=\"http:\/\/www.alpakahof-gruene-au.de\/zandt\/wollstueberl\/kindersachen\/handschuhe-kinder-beige-klein\/\" class=\"wp-image-1542\" srcset=\"https:\/\/www.alpakahof-gruene-au.de\/zandt\/wp-content\/uploads\/2016\/02\/Handschuhe-Kinder-beige-klein.jpg 820w, https:\/\/www.alpakahof-gruene-au.de\/zandt\/wp-content\/uploads\/2016\/02\/Handschuhe-Kinder-beige-klein-300x200.jpg 300w\" sizes=\"(max-width: 820px) 100vw, 820px\" \/><\/a><\/figure><\/li><\/ul><\/figure>\n\n\n\n<p><\/p>\n\n\n\n<p><strong>M\u00fctzen<\/strong><\/p>\n\n\n\n<figure class=\"wp-block-gallery columns-3 is-cropped wp-block-gallery-3 is-layout-flex wp-block-gallery-is-layout-flex\"><ul class=\"blocks-gallery-grid\"><li class=\"blocks-gallery-item\"><figure><a href=\"http:\/\/www.alpakahof-gruene-au.de\/zandt\/wp-content\/uploads\/2020\/12\/IMG_1117-klein.jpg\"><img loading=\"lazy\" decoding=\"async\" width=\"484\" height=\"646\" src=\"http:\/\/www.alpakahof-gruene-au.de\/zandt\/wp-content\/uploads\/2020\/12\/IMG_1117-klein.jpg\" alt=\"\" data-id=\"2371\" data-full-url=\"http:\/\/www.alpakahof-gruene-au.de\/zandt\/wp-content\/uploads\/2020\/12\/IMG_1117-klein.jpg\" data-link=\"http:\/\/www.alpakahof-gruene-au.de\/zandt\/wollstueberl\/kindersachen\/img_1117-klein\/\" class=\"wp-image-2371\" srcset=\"https:\/\/www.alpakahof-gruene-au.de\/zandt\/wp-content\/uploads\/2020\/12\/IMG_1117-klein.jpg 484w, https:\/\/www.alpakahof-gruene-au.de\/zandt\/wp-content\/uploads\/2020\/12\/IMG_1117-klein-225x300.jpg 225w\" sizes=\"(max-width: 484px) 100vw, 484px\" \/><\/a><\/figure><\/li><li class=\"blocks-gallery-item\"><figure><a href=\"http:\/\/www.alpakahof-gruene-au.de\/zandt\/wp-content\/uploads\/2020\/12\/Kinder-4-klein.jpg\"><img loading=\"lazy\" decoding=\"async\" width=\"646\" height=\"484\" src=\"http:\/\/www.alpakahof-gruene-au.de\/zandt\/wp-content\/uploads\/2020\/12\/Kinder-4-klein.jpg\" alt=\"\" data-id=\"2368\" data-full-url=\"http:\/\/www.alpakahof-gruene-au.de\/zandt\/wp-content\/uploads\/2020\/12\/Kinder-4-klein.jpg\" data-link=\"http:\/\/www.alpakahof-gruene-au.de\/zandt\/wollstueberl\/kindersachen\/kinder-4-klein\/\" class=\"wp-image-2368\" srcset=\"https:\/\/www.alpakahof-gruene-au.de\/zandt\/wp-content\/uploads\/2020\/12\/Kinder-4-klein.jpg 646w, https:\/\/www.alpakahof-gruene-au.de\/zandt\/wp-content\/uploads\/2020\/12\/Kinder-4-klein-300x225.jpg 300w\" sizes=\"(max-width: 646px) 100vw, 646px\" \/><\/a><\/figure><\/li><li class=\"blocks-gallery-item\"><figure><a href=\"http:\/\/www.alpakahof-gruene-au.de\/zandt\/wp-content\/uploads\/2016\/04\/M\u00fctze-5-klein.jpg\"><img loading=\"lazy\" decoding=\"async\" width=\"500\" height=\"750\" src=\"http:\/\/www.alpakahof-gruene-au.de\/zandt\/wp-content\/uploads\/2016\/04\/M\u00fctze-5-klein.jpg\" alt=\"\" data-id=\"1613\" data-full-url=\"http:\/\/www.alpakahof-gruene-au.de\/zandt\/wp-content\/uploads\/2016\/04\/M\u00fctze-5-klein.jpg\" data-link=\"http:\/\/www.alpakahof-gruene-au.de\/zandt\/wollstueberl\/muetzen__trashed\/muetze-5-klein\/\" class=\"wp-image-1613\" srcset=\"https:\/\/www.alpakahof-gruene-au.de\/zandt\/wp-content\/uploads\/2016\/04\/M\u00fctze-5-klein.jpg 500w, https:\/\/www.alpakahof-gruene-au.de\/zandt\/wp-content\/uploads\/2016\/04\/M\u00fctze-5-klein-200x300.jpg 200w\" sizes=\"(max-width: 500px) 100vw, 500px\" \/><\/a><\/figure><\/li><\/ul><\/figure>\n\n\n\n<p><\/p>\n\n\n\n<p><strong>Spielsachen und Kuscheltiere<\/strong><\/p>\n\n\n\n<figure class=\"wp-block-gallery columns-2 is-cropped wp-block-gallery-4 is-layout-flex wp-block-gallery-is-layout-flex\"><ul class=\"blocks-gallery-grid\"><li class=\"blocks-gallery-item\"><figure><a href=\"http:\/\/www.alpakahof-gruene-au.de\/zandt\/wp-content\/uploads\/2020\/12\/Kinder-3-klein.jpg\"><img loading=\"lazy\" decoding=\"async\" width=\"646\" height=\"484\" src=\"http:\/\/www.alpakahof-gruene-au.de\/zandt\/wp-content\/uploads\/2020\/12\/Kinder-3-klein.jpg\" alt=\"\" data-id=\"2367\" data-full-url=\"http:\/\/www.alpakahof-gruene-au.de\/zandt\/wp-content\/uploads\/2020\/12\/Kinder-3-klein.jpg\" data-link=\"http:\/\/www.alpakahof-gruene-au.de\/zandt\/wollstueberl\/kindersachen\/kinder-3-klein\/\" class=\"wp-image-2367\" srcset=\"https:\/\/www.alpakahof-gruene-au.de\/zandt\/wp-content\/uploads\/2020\/12\/Kinder-3-klein.jpg 646w, https:\/\/www.alpakahof-gruene-au.de\/zandt\/wp-content\/uploads\/2020\/12\/Kinder-3-klein-300x225.jpg 300w\" sizes=\"(max-width: 646px) 100vw, 646px\" \/><\/a><\/figure><\/li><li class=\"blocks-gallery-item\"><figure><a href=\"http:\/\/www.alpakahof-gruene-au.de\/zandt\/wp-content\/uploads\/2016\/02\/Tiere-heu-klein.jpg\"><img loading=\"lazy\" decoding=\"async\" width=\"852\" height=\"561\" src=\"http:\/\/www.alpakahof-gruene-au.de\/zandt\/wp-content\/uploads\/2016\/02\/Tiere-heu-klein.jpg\" alt=\"\" data-id=\"1554\" data-full-url=\"http:\/\/www.alpakahof-gruene-au.de\/zandt\/wp-content\/uploads\/2016\/02\/Tiere-heu-klein.jpg\" data-link=\"http:\/\/www.alpakahof-gruene-au.de\/zandt\/wollstueberl\/kuscheltiere\/tiere-heu-klein\/\" class=\"wp-image-1554\" srcset=\"https:\/\/www.alpakahof-gruene-au.de\/zandt\/wp-content\/uploads\/2016\/02\/Tiere-heu-klein.jpg 852w, https:\/\/www.alpakahof-gruene-au.de\/zandt\/wp-content\/uploads\/2016\/02\/Tiere-heu-klein-300x197.jpg 300w\" sizes=\"(max-width: 852px) 100vw, 852px\" \/><\/a><\/figure><\/li><\/ul><\/figure>\n\n\n\n<p><\/p>\n\n\n\n<p><strong>Sch\u00fcchen f\u00fcr Neugeborene und vieles mehr f\u00fcr die ganz Kleinen<\/strong><\/p>\n\n\n\n<figure class=\"wp-block-gallery columns-1 is-cropped wp-block-gallery-5 is-layout-flex wp-block-gallery-is-layout-flex\"><ul class=\"blocks-gallery-grid\"><li class=\"blocks-gallery-item\"><figure><a href=\"http:\/\/www.alpakahof-gruene-au.de\/zandt\/wp-content\/uploads\/2016\/02\/Babyschuhe-klein.jpg\"><img loading=\"lazy\" decoding=\"async\" width=\"750\" height=\"500\" src=\"http:\/\/www.alpakahof-gruene-au.de\/zandt\/wp-content\/uploads\/2016\/02\/Babyschuhe-klein.jpg\" alt=\"\" data-id=\"1649\" data-full-url=\"http:\/\/www.alpakahof-gruene-au.de\/zandt\/wp-content\/uploads\/2016\/02\/Babyschuhe-klein.jpg\" data-link=\"http:\/\/www.alpakahof-gruene-au.de\/zandt\/wollstueberl\/kindersachen\/babyschuhe-klein\/\" class=\"wp-image-1649\" srcset=\"https:\/\/www.alpakahof-gruene-au.de\/zandt\/wp-content\/uploads\/2016\/02\/Babyschuhe-klein.jpg 750w, https:\/\/www.alpakahof-gruene-au.de\/zandt\/wp-content\/uploads\/2016\/02\/Babyschuhe-klein-300x200.jpg 300w\" sizes=\"(max-width: 750px) 100vw, 750px\" \/><\/a><\/figure><\/li><\/ul><\/figure>\n","protected":false},"excerpt":{"rendered":"<p>Socken mit und ohne Stopper, Einlegesohlen F\u00e4ustlinge und Fingerhandschuhe M\u00fctzen Spielsachen und Kuscheltiere Sch\u00fcchen f\u00fcr Neugeborene und vieles mehr f\u00fcr die ganz Kleinen<\/p>\n","protected":false},"author":2,"featured_media":0,"parent":1563,"menu_order":4,"comment_status":"closed","ping_status":"closed","template":"","meta":{"footnotes":""},"_links":{"self":[{"href":"https:\/\/www.alpakahof-gruene-au.de\/zandt\/wp-json\/wp\/v2\/pages\/1539"}],"collection":[{"href":"https:\/\/www.alpakahof-gruene-au.de\/zandt\/wp-json\/wp\/v2\/pages"}],"about":[{"href":"https:\/\/www.alpakahof-gruene-au.de\/zandt\/wp-json\/wp\/v2\/types\/page"}],"author":[{"embeddable":true,"href":"https:\/\/www.alpakahof-gruene-au.de\/zandt\/wp-json\/wp\/v2\/users\/2"}],"replies":[{"embeddable":true,"href":"https:\/\/www.alpakahof-gruene-au.de\/zandt\/wp-json\/wp\/v2\/comments?post=1539"}],"version-history":[{"count":7,"href":"https:\/\/www.alpakahof-gruene-au.de\/zandt\/wp-json\/wp\/v2\/pages\/1539\/revisions"}],"predecessor-version":[{"id":2505,"href":"https:\/\/www.alpakahof-gruene-au.de\/zandt\/wp-json\/wp\/v2\/pages\/1539\/revisions\/2505"}],"up":[{"embeddable":true,"href":"https:\/\/www.alpakahof-gruene-au.de\/zandt\/wp-json\/wp\/v2\/pages\/1563"}],"wp:attachment":[{"href":"https:\/\/www.alpakahof-gruene-au.de\/zandt\/wp-json\/wp\/v2\/media?parent=1539"}],"curies":[{"name":"wp","href":"https:\/\/api.w.org\/{rel}","templated":true}]}}