{"id":1499,"date":"2016-01-02T15:15:53","date_gmt":"2016-01-02T15:15:53","guid":{"rendered":"http:\/\/www.alpakahof-gruene-au.de\/zandt\/?page_id=1499"},"modified":"2021-12-12T12:15:14","modified_gmt":"2021-12-12T12:15:14","slug":"socken-die-man-nicht-waschen-muss","status":"publish","type":"page","link":"https:\/\/www.alpakahof-gruene-au.de\/zandt\/wollstueberl\/socken-die-man-nicht-waschen-muss\/","title":{"rendered":"Socken &#8211; die man NICHT waschen muss"},"content":{"rendered":"<h5 style=\"text-align: center;\"><strong>Socken die man NICHT nach jedem Tragen waschen muss???<\/strong><br \/><strong> \u2026..Wir haben Sie!!!<\/strong><\/h5>\n<p>Alpakawolle, das Gold der Inkas, macht mit ihrer hohen Qualit\u00e4t die Alpakasocken unverzichtbar.<\/p>\n<p>F\u00fcr alle, die in der kalten und auch warmen Jahreszeit eine Socke mit hoher klimaregulierender Eigenschaft suchen und f\u00fcr \u201cMenschen ohne Hausschuhe\u201d sind besonders diese, grob und mittel gestrickten Socken, bestens geeignet.<\/p>\n<p>Alpakawolle geh\u00f6rt zu den feinsten Naturfasern \u00fcberhaupt und h\u00e4lt W\u00e4rme <strong>5mal<\/strong> besser als Schafwolle.<\/p>\n<h5 style=\"text-align: right;\"><strong><u>Gr\u00f6\u00dfen:<\/u><\/strong><\/h5>\n<p style=\"text-align: right;\">35-38, 39-41, 42-44, 45-48<\/p>\n<h5 style=\"text-align: right;\"><strong><u>Vorteile der Alpakasocken:<\/u><\/strong><\/h5>\n<p style=\"text-align: right;\">&#8211; gro\u00dfe Elastizit\u00e4t<\/p>\n<p style=\"text-align: right;\">&#8211; hohes Isolationsverm\u00f6gen<\/p>\n<p style=\"text-align: right;\">&#8211; klimaregulierende Wirkung<\/p>\n<p style=\"text-align: right;\">&#8211; geringes Gewicht<\/p>\n<p style=\"text-align: right;\">&#8211; sehr anschmiegsam, angenehmer Tragekomfort, keine Abdr\u00fccke<\/p>\n<p style=\"text-align: right;\">&#8211; hautvertr\u00e4glich und gesundheitsf\u00f6rdernd<\/p>\n<p style=\"text-align: right;\">&#8211; 100% antiallergisch &amp; antibakteriell<\/p>\n<p style=\"text-align: right;\">&#8211; verhindert Schwei\u00dff\u00fc\u00dfe, durch Absorption von Feuchtigkeit \u2013<\/p>\n<p style=\"text-align: right;\">dadurch weniger waschen notwendig<\/p>\n<p style=\"text-align: center;\">\u00a0<\/p>\n\n\n<figure class=\"wp-block-image size-large\"><a href=\"http:\/\/www.alpakahof-gruene-au.de\/zandt\/wp-content\/uploads\/2020\/12\/business-und-soft-15E-klein.jpg\"><img loading=\"lazy\" decoding=\"async\" width=\"1008\" height=\"756\" src=\"http:\/\/www.alpakahof-gruene-au.de\/zandt\/wp-content\/uploads\/2020\/12\/business-und-soft-15E-klein.jpg\" alt=\"\" class=\"wp-image-2327\" srcset=\"https:\/\/www.alpakahof-gruene-au.de\/zandt\/wp-content\/uploads\/2020\/12\/business-und-soft-15E-klein.jpg 1008w, https:\/\/www.alpakahof-gruene-au.de\/zandt\/wp-content\/uploads\/2020\/12\/business-und-soft-15E-klein-300x225.jpg 300w, https:\/\/www.alpakahof-gruene-au.de\/zandt\/wp-content\/uploads\/2020\/12\/business-und-soft-15E-klein-768x576.jpg 768w\" sizes=\"(max-width: 1008px) 100vw, 1008px\" \/><\/a><figcaption><strong>Business- und Softsocken<\/strong><\/figcaption><\/figure>\n\n\n\n<figure class=\"wp-block-image size-large\"><a href=\"http:\/\/www.alpakahof-gruene-au.de\/zandt\/wp-content\/uploads\/2020\/12\/skisocken-klein.jpg\"><img loading=\"lazy\" decoding=\"async\" width=\"807\" height=\"605\" src=\"http:\/\/www.alpakahof-gruene-au.de\/zandt\/wp-content\/uploads\/2020\/12\/skisocken-klein.jpg\" alt=\"\" class=\"wp-image-2328\" srcset=\"https:\/\/www.alpakahof-gruene-au.de\/zandt\/wp-content\/uploads\/2020\/12\/skisocken-klein.jpg 807w, https:\/\/www.alpakahof-gruene-au.de\/zandt\/wp-content\/uploads\/2020\/12\/skisocken-klein-300x225.jpg 300w, https:\/\/www.alpakahof-gruene-au.de\/zandt\/wp-content\/uploads\/2020\/12\/skisocken-klein-768x576.jpg 768w\" sizes=\"(max-width: 807px) 100vw, 807px\" \/><\/a><figcaption><strong>Ski-Socken<\/strong><\/figcaption><\/figure>\n\n\n\n<figure class=\"wp-block-image size-large\"><a href=\"http:\/\/www.alpakahof-gruene-au.de\/zandt\/wp-content\/uploads\/2020\/12\/jaegersocken-klein.jpg\"><img loading=\"lazy\" decoding=\"async\" width=\"807\" height=\"605\" src=\"http:\/\/www.alpakahof-gruene-au.de\/zandt\/wp-content\/uploads\/2020\/12\/jaegersocken-klein.jpg\" alt=\"\" class=\"wp-image-2330\" srcset=\"https:\/\/www.alpakahof-gruene-au.de\/zandt\/wp-content\/uploads\/2020\/12\/jaegersocken-klein.jpg 807w, https:\/\/www.alpakahof-gruene-au.de\/zandt\/wp-content\/uploads\/2020\/12\/jaegersocken-klein-300x225.jpg 300w, https:\/\/www.alpakahof-gruene-au.de\/zandt\/wp-content\/uploads\/2020\/12\/jaegersocken-klein-768x576.jpg 768w\" sizes=\"(max-width: 807px) 100vw, 807px\" \/><\/a><figcaption><strong>J\u00e4gersocken<\/strong><\/figcaption><\/figure>\n\n\n\n<figure class=\"wp-block-image size-large\"><a href=\"http:\/\/www.alpakahof-gruene-au.de\/zandt\/wp-content\/uploads\/2020\/12\/trekking-klein.jpg\"><img loading=\"lazy\" decoding=\"async\" width=\"807\" height=\"605\" src=\"http:\/\/www.alpakahof-gruene-au.de\/zandt\/wp-content\/uploads\/2020\/12\/trekking-klein.jpg\" alt=\"\" class=\"wp-image-2331\" srcset=\"https:\/\/www.alpakahof-gruene-au.de\/zandt\/wp-content\/uploads\/2020\/12\/trekking-klein.jpg 807w, https:\/\/www.alpakahof-gruene-au.de\/zandt\/wp-content\/uploads\/2020\/12\/trekking-klein-300x225.jpg 300w, https:\/\/www.alpakahof-gruene-au.de\/zandt\/wp-content\/uploads\/2020\/12\/trekking-klein-768x576.jpg 768w\" sizes=\"(max-width: 807px) 100vw, 807px\" \/><\/a><figcaption><strong>Trekking &#8211; Socken<\/strong><\/figcaption><\/figure>\n\n\n\n<figure class=\"wp-block-image size-large\"><a href=\"http:\/\/www.alpakahof-gruene-au.de\/zandt\/wp-content\/uploads\/2020\/12\/sneaker-klein.jpg\"><img loading=\"lazy\" decoding=\"async\" width=\"807\" height=\"605\" src=\"http:\/\/www.alpakahof-gruene-au.de\/zandt\/wp-content\/uploads\/2020\/12\/sneaker-klein.jpg\" alt=\"\" class=\"wp-image-2332\" srcset=\"https:\/\/www.alpakahof-gruene-au.de\/zandt\/wp-content\/uploads\/2020\/12\/sneaker-klein.jpg 807w, https:\/\/www.alpakahof-gruene-au.de\/zandt\/wp-content\/uploads\/2020\/12\/sneaker-klein-300x225.jpg 300w, https:\/\/www.alpakahof-gruene-au.de\/zandt\/wp-content\/uploads\/2020\/12\/sneaker-klein-768x576.jpg 768w\" sizes=\"(max-width: 807px) 100vw, 807px\" \/><\/a><figcaption><strong>Sneaker &#8211; Socken<\/strong><\/figcaption><\/figure>\n\n\n\n<figure class=\"wp-block-image size-large\"><a href=\"http:\/\/www.alpakahof-gruene-au.de\/zandt\/wp-content\/uploads\/2020\/12\/sport-und-reitsocken-klein.jpg\"><img loading=\"lazy\" decoding=\"async\" width=\"807\" height=\"605\" src=\"http:\/\/www.alpakahof-gruene-au.de\/zandt\/wp-content\/uploads\/2020\/12\/sport-und-reitsocken-klein.jpg\" alt=\"\" class=\"wp-image-2333\" srcset=\"https:\/\/www.alpakahof-gruene-au.de\/zandt\/wp-content\/uploads\/2020\/12\/sport-und-reitsocken-klein.jpg 807w, https:\/\/www.alpakahof-gruene-au.de\/zandt\/wp-content\/uploads\/2020\/12\/sport-und-reitsocken-klein-300x225.jpg 300w, https:\/\/www.alpakahof-gruene-au.de\/zandt\/wp-content\/uploads\/2020\/12\/sport-und-reitsocken-klein-768x576.jpg 768w\" sizes=\"(max-width: 807px) 100vw, 807px\" \/><\/a><figcaption><strong>Sport- und Reitsocken<\/strong><\/figcaption><\/figure>\n","protected":false},"excerpt":{"rendered":"<p>Socken die man NICHT nach jedem Tragen waschen muss??? \u2026..Wir haben Sie!!! Alpakawolle, das Gold der Inkas, macht mit ihrer hohen Qualit\u00e4t die Alpakasocken unverzichtbar. F\u00fcr alle, die in der kalten und auch warmen Jahreszeit eine Socke mit hoher klimaregulierender Eigenschaft suchen und f\u00fcr \u201cMenschen ohne Hausschuhe\u201d sind besonders diese, grob und mittel gestrickten Socken, &hellip; <a href=\"https:\/\/www.alpakahof-gruene-au.de\/zandt\/wollstueberl\/socken-die-man-nicht-waschen-muss\/\" class=\"more-link\"><span class=\"screen-reader-text\">Socken &#8211; die man NICHT waschen muss<\/span> weiterlesen <span class=\"meta-nav\">&rarr;<\/span><\/a><\/p>\n","protected":false},"author":2,"featured_media":0,"parent":1563,"menu_order":1,"comment_status":"closed","ping_status":"closed","template":"","meta":{"footnotes":""},"_links":{"self":[{"href":"https:\/\/www.alpakahof-gruene-au.de\/zandt\/wp-json\/wp\/v2\/pages\/1499"}],"collection":[{"href":"https:\/\/www.alpakahof-gruene-au.de\/zandt\/wp-json\/wp\/v2\/pages"}],"about":[{"href":"https:\/\/www.alpakahof-gruene-au.de\/zandt\/wp-json\/wp\/v2\/types\/page"}],"author":[{"embeddable":true,"href":"https:\/\/www.alpakahof-gruene-au.de\/zandt\/wp-json\/wp\/v2\/users\/2"}],"replies":[{"embeddable":true,"href":"https:\/\/www.alpakahof-gruene-au.de\/zandt\/wp-json\/wp\/v2\/comments?post=1499"}],"version-history":[{"count":11,"href":"https:\/\/www.alpakahof-gruene-au.de\/zandt\/wp-json\/wp\/v2\/pages\/1499\/revisions"}],"predecessor-version":[{"id":2523,"href":"https:\/\/www.alpakahof-gruene-au.de\/zandt\/wp-json\/wp\/v2\/pages\/1499\/revisions\/2523"}],"up":[{"embeddable":true,"href":"https:\/\/www.alpakahof-gruene-au.de\/zandt\/wp-json\/wp\/v2\/pages\/1563"}],"wp:attachment":[{"href":"https:\/\/www.alpakahof-gruene-au.de\/zandt\/wp-json\/wp\/v2\/media?parent=1499"}],"curies":[{"name":"wp","href":"https:\/\/api.w.org\/{rel}","templated":true}]}}